{"id":15,"date":"2020-05-19T08:04:43","date_gmt":"2020-05-19T08:04:43","guid":{"rendered":"https:\/\/csmacampagne.be\/fomdamental\/?page_id=15"},"modified":"2026-01-26T11:25:41","modified_gmt":"2026-01-26T11:25:41","slug":"documents","status":"publish","type":"page","link":"https:\/\/csmacampagne.be\/fondamental\/documents\/","title":{"rendered":"Documents"},"content":{"rendered":"<p>Vous trouverez ci-dessous les documents :<\/p>\n<ul>\n<li><a href=\"https:\/\/csmacampagne.be\/fondamental\/wp-content\/uploads\/2025\/09\/Justificatif-absence.pdf\" target=\"_blank\" rel=\"noopener\">Justificatif d&rsquo;absence<\/a><\/li>\n<li><a href=\"https:\/\/csmacampagne.be\/fondamental\/ephemerides\/\">Eph\u00e9m\u00e9rides<\/a><\/li>\n<\/ul>\n\n\n<hr class=\"wp-block-separator has-css-opacity\"\/>\n\n\n<h4>Liste du mat\u00e9riel scolaire 2025 &#8211; 2026<\/h4>\n<ul>\n<li><a href=\"https:\/\/csmacampagne.be\/fondamental\/wp-content\/uploads\/2025\/05\/Accueil-M1-2025-2026.pdf\" target=\"_blank\" rel=\"noopener\">1\u00e8re Maternelle<\/a><\/li>\n<li><a href=\"https:\/\/csmacampagne.be\/fondamental\/wp-content\/uploads\/2025\/05\/M2-2025-2026.pdf\" target=\"_blank\" rel=\"noopener\">2\u00e8me Maternelle<\/a><\/li>\n<li><a href=\"https:\/\/csmacampagne.be\/fondamental\/wp-content\/uploads\/2025\/05\/M3-2025-2026.pdf\" target=\"_blank\" rel=\"noopener\">3\u00e8me Maternelle<\/a><\/li>\n<li><a href=\"https:\/\/csmacampagne.be\/fondamental\/wp-content\/uploads\/2025\/05\/P5-P6-fournitures-25-26.pdf\" target=\"_blank\" rel=\"noopener\">5 &#8211; 6\u00e8mes Primaire<\/a><\/li>\n<\/ul>\n\n\n<p>Chers Parents, Il n&rsquo;y a pas de listes de mat\u00e9riel scolaire pour les \u00e9l\u00e8ves de P1\/P2 et de P3\/P4 car nous fonctionnons avec un syst\u00e8me de \u00ab\u00a0pack\u00a0\u00bb. Plus d&rsquo;informations suivront.<\/p>\n\n\n\n<p><\/p>\n","protected":false},"excerpt":{"rendered":"<p>Vous trouverez ci-dessous les documents : Justificatif d&rsquo;absence Eph\u00e9m\u00e9rides Liste du mat\u00e9riel scolaire 2025 &#8211; 2026 1\u00e8re Maternelle 2\u00e8me Maternelle 3\u00e8me Maternelle 5 &#8211; 6\u00e8mes Primaire Chers Parents, Il n&rsquo;y a pas de listes de mat\u00e9riel scolaire pour les \u00e9l\u00e8ves de P1\/P2 et de P3\/P4 car nous fonctionnons avec un syst\u00e8me de \u00ab\u00a0pack\u00a0\u00bb. Plus d&rsquo;informations suivront.<\/p>\n","protected":false},"author":1,"featured_media":0,"parent":0,"menu_order":0,"comment_status":"closed","ping_status":"closed","template":"","meta":{"_EventAllDay":false,"_EventTimezone":"","_EventStartDate":"","_EventEndDate":"","_EventStartDateUTC":"","_EventEndDateUTC":"","_EventShowMap":false,"_EventShowMapLink":false,"_EventURL":"","_EventCost":"","_EventCostDescription":"","_EventCurrencySymbol":"","_EventCurrencyCode":"","_EventCurrencyPosition":"","_EventDateTimeSeparator":"","_EventTimeRangeSeparator":"","_EventOrganizerID":[],"_EventVenueID":[],"_OrganizerEmail":"","_OrganizerPhone":"","_OrganizerWebsite":"","_VenueAddress":"","_VenueCity":"","_VenueCountry":"","_VenueProvince":"","_VenueState":"","_VenueZip":"","_VenuePhone":"","_VenueURL":"","_VenueStateProvince":"","_VenueLat":"","_VenueLng":"","_VenueShowMap":false,"_VenueShowMapLink":false,"footnotes":""},"class_list":["post-15","page","type-page","status-publish","hentry"],"_links":{"self":[{"href":"https:\/\/csmacampagne.be\/fondamental\/wp-json\/wp\/v2\/pages\/15","targetHints":{"allow":["GET"]}}],"collection":[{"href":"https:\/\/csmacampagne.be\/fondamental\/wp-json\/wp\/v2\/pages"}],"about":[{"href":"https:\/\/csmacampagne.be\/fondamental\/wp-json\/wp\/v2\/types\/page"}],"author":[{"embeddable":true,"href":"https:\/\/csmacampagne.be\/fondamental\/wp-json\/wp\/v2\/users\/1"}],"replies":[{"embeddable":true,"href":"https:\/\/csmacampagne.be\/fondamental\/wp-json\/wp\/v2\/comments?post=15"}],"version-history":[{"count":40,"href":"https:\/\/csmacampagne.be\/fondamental\/wp-json\/wp\/v2\/pages\/15\/revisions"}],"predecessor-version":[{"id":903,"href":"https:\/\/csmacampagne.be\/fondamental\/wp-json\/wp\/v2\/pages\/15\/revisions\/903"}],"wp:attachment":[{"href":"https:\/\/csmacampagne.be\/fondamental\/wp-json\/wp\/v2\/media?parent=15"}],"curies":[{"name":"wp","href":"https:\/\/api.w.org\/{rel}","templated":true}]}}