{"id":2,"date":"2020-05-19T07:45:50","date_gmt":"2020-05-19T07:45:50","guid":{"rendered":"https:\/\/csmacampagne.be\/fomdamental\/?page_id=2"},"modified":"2025-10-13T09:18:53","modified_gmt":"2025-10-13T09:18:53","slug":"sample-page","status":"publish","type":"page","link":"https:\/\/csmacampagne.be\/fondamental\/sample-page\/","title":{"rendered":"Partenaires"},"content":{"rendered":"<h1 class=\"entry-title\">Association des parents<\/h1>\n<div class=\"entry-content\">\n<p style=\"text-align: left;\"><strong>L\u2019ASSOCIATION DES PARENTS DU CENTRE SCOLAIRE DE MA CAMPAGNE<\/strong><br \/>(en abr\u00e9g\u00e9 : AP-CSMC ou plus simplement AP) est une A.S.B.L. pr\u00e9sente et active dans l\u2019\u00e9cole pour vous repr\u00e9senter, vous offrir des occasions de rencontres et soutenir des projets utiles aux \u00e9coliers et \u00e9tudiants. Des membres de l\u2019AP si\u00e8gent dans les Conseils de Participation (fondamental et secondaire) et au sein du pouvoir organisateur, o\u00f9 ils relaient une s\u00e9rie de pr\u00e9occupations parentales (frais scolaires, voyages scolaires, garderie\u2026)<\/p>\n<p><strong>Contacter l\u2019A.P.<\/strong><br \/>Vous voulez r\u00e9agir, donner votre avis, poser des questions :\u00a0<strong>ap.ecolemacampagne@gmail.com<\/strong>\u00a0. La section \u00ab\u00a0\u00e9cole fondamentale\u00a0\u00bb de l\u2019A.P. (l\u2019A.P.F.) s\u2019int\u00e9resse aux pr\u00e9occupations propres \u00e0 l\u2019\u00e9cole maternelle et \u00e0 l\u2019\u00e9cole primaire.<\/p>\n<p><strong>Devenir membre actif de l\u2019AP<\/strong><br \/>Vous voulez vous investir dans l\u2019AP, participer aux r\u00e9unions, recevoir les rapports, inscrivez-vous en laissant vos coordonn\u00e9es (nom, pr\u00e9nom, classe de votre enfant) sur le mail de l\u2019AP.<\/p>\n<p><strong>L\u2019UFAPEC<\/strong><br \/>Union des F\u00e9d\u00e9rations des Associations de Parents de L\u2019Enseignement Catholique \u2013 www.ufapec.be<\/p>\n<\/div>\n\n<h1 class=\"entry-title\">Centre P.M.S.<\/h1>\n<p><strong>Ecouter \u2013 informer \u2013 Accompagner \u2013 Rem\u00e9dier \u2013 Conseiller \u2013 Orienter<\/strong><br \/>pour favoriser le d\u00e9veloppement optimal de tous les \u00e9l\u00e8ves<\/p>\n<p>Permanences \u00e0 l\u2019\u00e9cole (sur les deux sites) et au centre PMS :<br \/>Avenue Coghen, 217<br \/>1190 Bruxelles<br \/>T\u00e9l. : 02\/226.41.30<br \/>Direction : Genevi\u00e8ve De Cock<\/p>\n\n\n\n\n<h1 class=\"wp-block-heading\">Centre P.S.E.<\/h1>\n\n\n\n<p><strong>Service de Promotion de la sant\u00e9 \u00e0 l\u2019\u00e9cole d&rsquo;Ixelles<\/strong><\/p>\n\n\n\n<p>Pour chaque \u00e9cole, il existe un service PSE (Promotion de la Sant\u00e9 \u00e0 l\u2019\u00c9cole). Le service PSE est une \u00e9quipe pluridisciplinaire compos\u00e9e de m\u00e9decins, d\u2019infirmi\u00e8re.ier.s, d\u2019assistantes sociales et d\u2019administratif.ive.s motiv\u00e9.e.s.<\/p>\n\n\n\n<p>Nos missions sont : la r\u00e9alisation des\u00a0<a href=\"https:\/\/pse.ccf.brussels\/nos-missions\/#bilans-de-sante\">bilans de sant\u00e9<\/a>\u00a0(ou visites m\u00e9dicales), la\u00a0<a href=\"https:\/\/pse.ccf.brussels\/nos-missions\/#vaccinations\">vaccination<\/a>, la\u00a0<a href=\"https:\/\/pse.ccf.brussels\/nos-missions\/#Promotion-environnement-scolaire-favorable-a-la-sante\">promotion d\u2019un environnement scolaire favorable \u00e0 la sant\u00e9<\/a>, la\u00a0<a href=\"https:\/\/pse.ccf.brussels\/nos-missions\/#gestion-des-maladies-transmissibles\">gestion des maladies infectieuses dans les \u00e9coles<\/a>, le\u00a0<a href=\"https:\/\/pse.ccf.brussels\/nos-missions\/#recueil-donnees-sanitaires\">recueil des donn\u00e9es sanitaires<\/a>, la\u00a0<a href=\"https:\/\/pse.ccf.brussels\/nos-missions\/#points-sante\">mise en place de points-sant\u00e9 pour les \u00e9tudiant.e.s<\/a>.<\/p>\n\n\n\n<p>Rue de la Cr\u00e8che, 6 &#8211; 1050 Bruxelles<br>E-mail :\u00a0<a href=\"javascript:void(0);\">pse at ixelles point brussels<\/a><br>T\u00e9l. 02\/515.70.00<\/p>\n\n\n\n<p><\/p>\n\n\n\n<p><\/p>\n\n\n\n<p><\/p>\n","protected":false},"excerpt":{"rendered":"<p>Association des parents L\u2019ASSOCIATION DES PARENTS DU CENTRE SCOLAIRE DE MA CAMPAGNE(en abr\u00e9g\u00e9 : AP-CSMC ou plus simplement AP) est une A.S.B.L. pr\u00e9sente et active dans l\u2019\u00e9cole pour vous repr\u00e9senter, vous offrir des occasions de rencontres et soutenir des projets utiles aux \u00e9coliers et \u00e9tudiants. Des membres de l\u2019AP si\u00e8gent dans les Conseils de Participation (fondamental et secondaire) et au sein du pouvoir organisateur, o\u00f9 ils relaient une s\u00e9rie de pr\u00e9occupations parentales (frais scolaires, voyages scolaires, garderie\u2026) Contacter l\u2019A.P.Vous voulez&#8230;<\/p>\n<p class=\"read-more\"><a class=\"btn btn-default\" href=\"https:\/\/csmacampagne.be\/fondamental\/sample-page\/\"> Read More<span class=\"screen-reader-text\">  Read More<\/span><\/a><\/p>\n","protected":false},"author":1,"featured_media":0,"parent":0,"menu_order":0,"comment_status":"closed","ping_status":"open","template":"","meta":{"_EventAllDay":false,"_EventTimezone":"","_EventStartDate":"","_EventEndDate":"","_EventStartDateUTC":"","_EventEndDateUTC":"","_EventShowMap":false,"_EventShowMapLink":false,"_EventURL":"","_EventCost":"","_EventCostDescription":"","_EventCurrencySymbol":"","_EventCurrencyCode":"","_EventCurrencyPosition":"","_EventDateTimeSeparator":"","_EventTimeRangeSeparator":"","_EventOrganizerID":[],"_EventVenueID":[],"_OrganizerEmail":"","_OrganizerPhone":"","_OrganizerWebsite":"","_VenueAddress":"","_VenueCity":"","_VenueCountry":"","_VenueProvince":"","_VenueState":"","_VenueZip":"","_VenuePhone":"","_VenueURL":"","_VenueStateProvince":"","_VenueLat":"","_VenueLng":"","_VenueShowMap":false,"_VenueShowMapLink":false,"footnotes":""},"class_list":["post-2","page","type-page","status-publish","hentry"],"_links":{"self":[{"href":"https:\/\/csmacampagne.be\/fondamental\/wp-json\/wp\/v2\/pages\/2","targetHints":{"allow":["GET"]}}],"collection":[{"href":"https:\/\/csmacampagne.be\/fondamental\/wp-json\/wp\/v2\/pages"}],"about":[{"href":"https:\/\/csmacampagne.be\/fondamental\/wp-json\/wp\/v2\/types\/page"}],"author":[{"embeddable":true,"href":"https:\/\/csmacampagne.be\/fondamental\/wp-json\/wp\/v2\/users\/1"}],"replies":[{"embeddable":true,"href":"https:\/\/csmacampagne.be\/fondamental\/wp-json\/wp\/v2\/comments?post=2"}],"version-history":[{"count":9,"href":"https:\/\/csmacampagne.be\/fondamental\/wp-json\/wp\/v2\/pages\/2\/revisions"}],"predecessor-version":[{"id":643,"href":"https:\/\/csmacampagne.be\/fondamental\/wp-json\/wp\/v2\/pages\/2\/revisions\/643"}],"wp:attachment":[{"href":"https:\/\/csmacampagne.be\/fondamental\/wp-json\/wp\/v2\/media?parent=2"}],"curies":[{"name":"wp","href":"https:\/\/api.w.org\/{rel}","templated":true}]}}