{"id":519,"date":"2025-02-11T09:32:56","date_gmt":"2025-02-11T09:32:56","guid":{"rendered":"https:\/\/csmacampagne.be\/fondamental\/?page_id=519"},"modified":"2026-04-13T09:45:42","modified_gmt":"2026-04-13T09:45:42","slug":"inscriptions-2","status":"publish","type":"page","link":"https:\/\/csmacampagne.be\/fondamental\/inscriptions-2\/","title":{"rendered":"Inscriptions"},"content":{"rendered":"\n<p><strong>INSCRIPTIONS<br><\/strong><\/p>\n\n\n\n<p>Vous pouvez inscrire votre enfant \u00e0 partir du <strong>15 janvier <\/strong>:<br><br>En t\u00e9l\u00e9chargeant les documents ci-dessous et en les transmettant par mail au secr\u00e9tariat et \u00e0 la direction.<br>Dans la mesure du possible, <strong style=\"font-size: inherit;\">merci de bien vouloir scanner les documents<\/strong><span style=\"font-size: inherit;\"> <\/span><span style=\"font-size: inherit;\">demand\u00e9s (pas de photos).<\/span><\/p>\n\n\n\n<p>A partir du mois de mars, vous recevrez un <strong>mail de confirmation<\/strong> <b>(veillez \u00e0 bien regarder dans votre bo\u00eete \u00ab&nbsp; spam \u00bb) <\/b>signalant l\u2019inscription officielle de votre enfant.<br><br>En ce qui concerne la visite de l&rsquo;\u00e9cole, elle aura lieu le lundi 13 avril de 14h \u00e0 15h.<br><br>Pour toutes questions :<\/p>\n\n\n\n<p>Contact de la direction : tel : 02\/533.39.24 &#8211; mail : nahide.molana@csmc.be<br>Contact au secr\u00e9tariat : tel : 02\/533.39.23 &#8211; mail : marie.duflou@csmc.be<\/p>\n\n\n\n<p>T\u00e9l\u00e9charger les 3 documents suivants : la fiche d&rsquo;inscription, l&rsquo;engagement des parents et l&rsquo;autorisation parentale concernant le droit \u00e0 l&rsquo;image.<\/p>\n\n\n\n<ul class=\"wp-block-list\">\n<li><a href=\"https:\/\/csmacampagne.be\/fondamental\/wp-content\/uploads\/2024\/08\/dossier-inscription.pdf\" target=\"_blank\" rel=\"noreferrer noopener\">Informations sur les inscriptions<\/a><\/li>\n\n\n\n<li><a href=\"https:\/\/forms.office.com\/e\/4NWGdve0xv\">Lien de pr\u00e9inscription<\/a><\/li>\n\n\n\n<li><a href=\"https:\/\/csmacampagne.be\/fondamental\/wp-content\/uploads\/2026\/05\/Fiche.pdf\" target=\"_blank\" rel=\"noreferrer noopener\">Fiche d&rsquo;inscription<\/a><\/li>\n\n\n\n<li><a href=\"https:\/\/csmacampagne.be\/fondamental\/wp-content\/uploads\/2025\/11\/engagement-parents.pdf\">Engagement des parents<\/a><\/li>\n\n\n\n<li><a href=\"https:\/\/csmacampagne.be\/fondamental\/wp-content\/uploads\/2023\/11\/Droit-a-limage.pdf\" target=\"_blank\" rel=\"noreferrer noopener\">Autorisation parentale concernant le droit \u00e0 l&rsquo;image<\/a><\/li>\n<\/ul>\n\n\n\n<p><\/p>\n","protected":false},"excerpt":{"rendered":"<p>INSCRIPTIONS Vous pouvez inscrire votre enfant \u00e0 partir du 15 janvier : En t\u00e9l\u00e9chargeant les documents ci-dessous et en les transmettant par mail au secr\u00e9tariat et \u00e0 la direction.Dans la mesure du possible, merci de bien vouloir scanner les documents demand\u00e9s (pas de photos). A partir du mois de mars, vous recevrez un mail de confirmation (veillez \u00e0 bien regarder dans votre bo\u00eete \u00ab&nbsp; spam \u00bb) signalant l\u2019inscription officielle de votre enfant. En ce qui concerne la visite de l&rsquo;\u00e9cole,&#8230;<\/p>\n<p class=\"read-more\"><a class=\"btn btn-default\" href=\"https:\/\/csmacampagne.be\/fondamental\/inscriptions-2\/\"> Read More<span class=\"screen-reader-text\">  Read More<\/span><\/a><\/p>\n","protected":false},"author":1,"featured_media":0,"parent":0,"menu_order":0,"comment_status":"closed","ping_status":"closed","template":"","meta":{"_EventAllDay":false,"_EventTimezone":"","_EventStartDate":"","_EventEndDate":"","_EventStartDateUTC":"","_EventEndDateUTC":"","_EventShowMap":false,"_EventShowMapLink":false,"_EventURL":"","_EventCost":"","_EventCostDescription":"","_EventCurrencySymbol":"","_EventCurrencyCode":"","_EventCurrencyPosition":"","_EventDateTimeSeparator":"","_EventTimeRangeSeparator":"","_EventOrganizerID":[],"_EventVenueID":[],"_OrganizerEmail":"","_OrganizerPhone":"","_OrganizerWebsite":"","_VenueAddress":"","_VenueCity":"","_VenueCountry":"","_VenueProvince":"","_VenueState":"","_VenueZip":"","_VenuePhone":"","_VenueURL":"","_VenueStateProvince":"","_VenueLat":"","_VenueLng":"","_VenueShowMap":false,"_VenueShowMapLink":false,"footnotes":""},"class_list":["post-519","page","type-page","status-publish","hentry"],"_links":{"self":[{"href":"https:\/\/csmacampagne.be\/fondamental\/wp-json\/wp\/v2\/pages\/519","targetHints":{"allow":["GET"]}}],"collection":[{"href":"https:\/\/csmacampagne.be\/fondamental\/wp-json\/wp\/v2\/pages"}],"about":[{"href":"https:\/\/csmacampagne.be\/fondamental\/wp-json\/wp\/v2\/types\/page"}],"author":[{"embeddable":true,"href":"https:\/\/csmacampagne.be\/fondamental\/wp-json\/wp\/v2\/users\/1"}],"replies":[{"embeddable":true,"href":"https:\/\/csmacampagne.be\/fondamental\/wp-json\/wp\/v2\/comments?post=519"}],"version-history":[{"count":12,"href":"https:\/\/csmacampagne.be\/fondamental\/wp-json\/wp\/v2\/pages\/519\/revisions"}],"predecessor-version":[{"id":1023,"href":"https:\/\/csmacampagne.be\/fondamental\/wp-json\/wp\/v2\/pages\/519\/revisions\/1023"}],"wp:attachment":[{"href":"https:\/\/csmacampagne.be\/fondamental\/wp-json\/wp\/v2\/media?parent=519"}],"curies":[{"name":"wp","href":"https:\/\/api.w.org\/{rel}","templated":true}]}}