{"id":9,"date":"2020-05-19T08:00:56","date_gmt":"2020-05-19T08:00:56","guid":{"rendered":"https:\/\/csmacampagne.be\/fomdamental\/?page_id=9"},"modified":"2025-10-13T09:27:04","modified_gmt":"2025-10-13T09:27:04","slug":"contacts","status":"publish","type":"page","link":"https:\/\/csmacampagne.be\/fondamental\/contacts\/","title":{"rendered":"Contacts"},"content":{"rendered":"<h4><strong>Direction<\/strong><\/h4>\n<p>Nahide Molana<br \/>\nAdresse administrative : Rue du Tabellion, 33 \u00e0 1050 Ixelles.<br \/>\nAdresse d&rsquo;entr\u00e9e de la section fondamentale : Rue Africaine, 3 \u00e0 1050 Ixelles.<\/p>\n<p>T\u00e9l: 02 533 39 24<br \/>\nE-mail:\u00a0nahide.molana@csmc.be<\/p>\n<hr \/>\n<h4><strong>Secr\u00e9tariat<\/strong><\/h4>\n<p>Marie Duflou<\/p>\n<p>Adresse administrative : Rue du Tabellion, 33 \u00e0 1050 Ixelles.<br \/>\nAdresse d&rsquo;entr\u00e9e de la section fondamentale : Rue Africaine, 3 \u00e0 1050 Ixelles.<\/p>\n<p>T\u00e9l: 02 533 39 23<br \/>\nE-mail: marie.duflou@csmc.be<\/p>\n","protected":false},"excerpt":{"rendered":"<p>Direction Nahide Molana Adresse administrative : Rue du Tabellion, 33 \u00e0 1050 Ixelles. Adresse d&rsquo;entr\u00e9e de la section fondamentale : Rue Africaine, 3 \u00e0 1050 Ixelles. T\u00e9l: 02 533 39 24 E-mail:\u00a0nahide.molana@csmc.be Secr\u00e9tariat Marie Duflou Adresse administrative : Rue du Tabellion, 33 \u00e0 1050 Ixelles. Adresse d&rsquo;entr\u00e9e de la section fondamentale : Rue Africaine, 3 \u00e0 1050 Ixelles. T\u00e9l: 02 533 39 23 E-mail: marie.duflou@csmc.be<\/p>\n","protected":false},"author":1,"featured_media":0,"parent":0,"menu_order":0,"comment_status":"closed","ping_status":"closed","template":"","meta":{"_EventAllDay":false,"_EventTimezone":"","_EventStartDate":"","_EventEndDate":"","_EventStartDateUTC":"","_EventEndDateUTC":"","_EventShowMap":false,"_EventShowMapLink":false,"_EventURL":"","_EventCost":"","_EventCostDescription":"","_EventCurrencySymbol":"","_EventCurrencyCode":"","_EventCurrencyPosition":"","_EventDateTimeSeparator":"","_EventTimeRangeSeparator":"","_EventOrganizerID":[],"_EventVenueID":[],"_OrganizerEmail":"","_OrganizerPhone":"","_OrganizerWebsite":"","_VenueAddress":"","_VenueCity":"","_VenueCountry":"","_VenueProvince":"","_VenueState":"","_VenueZip":"","_VenuePhone":"","_VenueURL":"","_VenueStateProvince":"","_VenueLat":"","_VenueLng":"","_VenueShowMap":false,"_VenueShowMapLink":false,"footnotes":""},"class_list":["post-9","page","type-page","status-publish","hentry"],"_links":{"self":[{"href":"https:\/\/csmacampagne.be\/fondamental\/wp-json\/wp\/v2\/pages\/9","targetHints":{"allow":["GET"]}}],"collection":[{"href":"https:\/\/csmacampagne.be\/fondamental\/wp-json\/wp\/v2\/pages"}],"about":[{"href":"https:\/\/csmacampagne.be\/fondamental\/wp-json\/wp\/v2\/types\/page"}],"author":[{"embeddable":true,"href":"https:\/\/csmacampagne.be\/fondamental\/wp-json\/wp\/v2\/users\/1"}],"replies":[{"embeddable":true,"href":"https:\/\/csmacampagne.be\/fondamental\/wp-json\/wp\/v2\/comments?post=9"}],"version-history":[{"count":11,"href":"https:\/\/csmacampagne.be\/fondamental\/wp-json\/wp\/v2\/pages\/9\/revisions"}],"predecessor-version":[{"id":646,"href":"https:\/\/csmacampagne.be\/fondamental\/wp-json\/wp\/v2\/pages\/9\/revisions\/646"}],"wp:attachment":[{"href":"https:\/\/csmacampagne.be\/fondamental\/wp-json\/wp\/v2\/media?parent=9"}],"curies":[{"name":"wp","href":"https:\/\/api.w.org\/{rel}","templated":true}]}}