{"id":16,"date":"2020-05-13T16:38:27","date_gmt":"2020-05-13T16:38:27","guid":{"rendered":"https:\/\/csmacampagne.be\/secondaire\/?page_id=16"},"modified":"2024-09-25T14:52:20","modified_gmt":"2024-09-25T12:52:20","slug":"contacts","status":"publish","type":"page","link":"https:\/\/csmacampagne.be\/secondaire\/contacts\/","title":{"rendered":"Contacts"},"content":{"rendered":"\n<div class=\"wp-block-columns is-layout-flex wp-container-core-columns-is-layout-9d6595d7 wp-block-columns-is-layout-flex\">\n<div class=\"wp-block-column is-layout-flow wp-block-column-is-layout-flow\">\n<p><strong>1er Degr\u00e9<\/strong><br>Rue du Page, 78<br>T\u00e9l. : 02\/537.56.61<\/p>\n\n\n\n<p><strong>2\u00e8me et 3\u00e8me degr\u00e9s<\/strong><br>Rue du Tabellion, 33<br>1050 Bruxelles<br>T\u00e9l.&nbsp;: 02\/538.08.38<\/p>\n<\/div>\n\n\n\n<div class=\"wp-block-column is-layout-flow wp-block-column-is-layout-flow\">\n<iframe src=\"https:\/\/www.google.com\/maps\/embed?pb=!1m18!1m12!1m3!1d2520.3995375079835!2d4.353697415435988!3d50.82376297952866!2m3!1f0!2f0!3f0!3m2!1i1024!2i768!4f13.1!3m3!1m2!1s0x47c3c4f59a692741%3A0xbf0d51ebe12eef93!2sCentre%20scolaire%20de%20ma%20campagne!5e0!3m2!1sfr!2sbe!4v1643827532303!5m2!1sfr!2sbe\" width=\"600\" height=\"450\" style=\"border:0;\" allowfullscreen=\"\" loading=\"lazy\"><\/iframe>\n<\/div>\n<\/div>\n\n\n\n<hr class=\"wp-block-separator has-css-opacity\"\/>\n\n\n\n<p><strong>Direction<\/strong> &#8211; 02\/538.08.38<br>Charles Navet &#8211; Charles.Navet@csmc.be<\/p>\n\n\n\n<p><strong>Direction adjointe<\/strong>&#8211; 02\/537.56.61<br>Claude Dupont &#8211; Claude.Dupont@csmc.be<\/p>\n\n\n\n<p><strong>Coordination<\/strong> <strong>Section PUER &amp; AN<\/strong> &#8211; 02\/533.39.27\u202c<br>Nathalie F\u00e9lix &#8211; Nathalie.Felix@csmc.be<\/p>\n\n\n\n<p><strong>Conseiller principal d&rsquo;\u00e9ducation<\/strong>  &#8211; 02\/538.08.08<br>Luc.Mommens &#8211; Luc.Mommens@csmc.be<\/p>\n\n\n\n<hr class=\"wp-block-separator has-css-opacity\"\/>\n\n\n<p><strong>Secr\u00e9tariat des \u00e9l\u00e8ves<\/strong> &#8211; 02\/538.08.38<br \/>Sabrina Monseur &#8211; Sabrina.monseur@csmc.be<\/p>\n\n\n<p><strong>Secr\u00e9tariat de direction <\/strong>&#8211; 02\/538.08.38 (Dossiers membres du personnel)<br>Fabrice Altes &#8211; Fabrice.Altes@csmc.be<\/p>\n\n\n\n<p><strong>Economat<\/strong> &#8211; 02\/533.39.30<br>Maxime Lubukayi &#8211; Maxime.Lubukayi@csmc.be<\/p>\n\n\n\n<p><strong>Comptabilit\u00e9<\/strong> &#8211; 02\/533.39.29<br>Thierry Motteu &#8211; Thierry.Motteu@csmc.be<\/p>\n","protected":false},"excerpt":{"rendered":"<p>1er Degr\u00e9Rue du Page, 78T\u00e9l. : 02\/537.56.61 2\u00e8me et 3\u00e8me degr\u00e9sRue du Tabellion, 331050 BruxellesT\u00e9l.&nbsp;: 02\/538.08.38 Direction &#8211; 02\/538.08.38Charles Navet &#8211; Charles.Navet@csmc.be Direction adjointe&#8211; 02\/537.56.61Claude Dupont &#8211; Claude.Dupont@csmc.be Coordination Section PUER &amp; AN &#8211; 02\/533.39.27\u202cNathalie F\u00e9lix &#8211; Nathalie.Felix@csmc.be Conseiller principal d&rsquo;\u00e9ducation &#8211; 02\/538.08.08Luc.Mommens &#8211; Luc.Mommens@csmc.be Secr\u00e9tariat des \u00e9l\u00e8ves &#8211; 02\/538.08.38Sabrina Monseur &#8211; Sabrina.monseur@csmc.be Secr\u00e9tariat de direction &#8211; 02\/538.08.38 (Dossiers membres du personnel)Fabrice Altes &#8211; Fabrice.Altes@csmc.be Economat &#8211; 02\/533.39.30Maxime Lubukayi &#8211; Maxime.Lubukayi@csmc.be Comptabilit\u00e9 &#8211; 02\/533.39.29Thierry Motteu &#8211; Thierry.Motteu@csmc.be<\/p>\n","protected":false},"author":3,"featured_media":0,"parent":0,"menu_order":0,"comment_status":"closed","ping_status":"closed","template":"","meta":{"footnotes":""},"class_list":["post-16","page","type-page","status-publish","hentry"],"_links":{"self":[{"href":"https:\/\/csmacampagne.be\/secondaire\/wp-json\/wp\/v2\/pages\/16","targetHints":{"allow":["GET"]}}],"collection":[{"href":"https:\/\/csmacampagne.be\/secondaire\/wp-json\/wp\/v2\/pages"}],"about":[{"href":"https:\/\/csmacampagne.be\/secondaire\/wp-json\/wp\/v2\/types\/page"}],"author":[{"embeddable":true,"href":"https:\/\/csmacampagne.be\/secondaire\/wp-json\/wp\/v2\/users\/3"}],"replies":[{"embeddable":true,"href":"https:\/\/csmacampagne.be\/secondaire\/wp-json\/wp\/v2\/comments?post=16"}],"version-history":[{"count":43,"href":"https:\/\/csmacampagne.be\/secondaire\/wp-json\/wp\/v2\/pages\/16\/revisions"}],"predecessor-version":[{"id":1335,"href":"https:\/\/csmacampagne.be\/secondaire\/wp-json\/wp\/v2\/pages\/16\/revisions\/1335"}],"wp:attachment":[{"href":"https:\/\/csmacampagne.be\/secondaire\/wp-json\/wp\/v2\/media?parent=16"}],"curies":[{"name":"wp","href":"https:\/\/api.w.org\/{rel}","templated":true}]}}