{"id":19,"date":"2020-05-13T16:40:58","date_gmt":"2020-05-13T16:40:58","guid":{"rendered":"https:\/\/csmacampagne.be\/secondaire\/?page_id=19"},"modified":"2020-05-13T19:57:29","modified_gmt":"2020-05-13T19:57:29","slug":"association-des-parents","status":"publish","type":"page","link":"https:\/\/csmacampagne.be\/secondaire\/association-des-parents\/","title":{"rendered":"Association des parents"},"content":{"rendered":"\n<div class=\"wp-block-image\"><figure class=\"aligncenter size-large\"><img loading=\"lazy\" decoding=\"async\" width=\"314\" height=\"187\" src=\"https:\/\/csmacampagne.be\/secondaire\/wp-content\/uploads\/2020\/05\/logoap.gif\" alt=\"\" class=\"wp-image-55\"\/><\/figure><\/div>\n\n\n\n<p><strong>L\u2019Association des Parents du Centre Scolaire de Ma Campagne<\/strong><br>(en abr\u00e9g\u00e9 : AP-CSMC ou plus simplement AP) est une asbl pr\u00e9sente et active dans l\u2019\u00e9cole pour vous repr\u00e9senter, vous offrir des occasions de rencontres et soutenir des projets utiles aux \u00e9coliers et \u00e9tudiants.<\/p>\n\n\n\n<p>Des membres de l\u2019AP si\u00e8gent dans les Conseils de Participation (fondamental et secondaire) et au sein du pouvoir organisateur, o\u00f9 ils relaient une s\u00e9rie de pr\u00e9occupations parentales (frais scolaires, voyages scolaires, garderie\u2026)<\/p>\n\n\n\n<hr class=\"wp-block-separator\"\/>\n\n\n\n<p><strong>Contacter l\u2019A.P<\/strong>.<br>Vous voulez r\u00e9agir, donner votre avis, poser des questions : parentsecolemacampagne@hotmail.com .<\/p>\n\n\n\n<p>La section \u00ab\u00a0\u00e9cole fondamentale\u00a0\u00bb de l&rsquo;A.P. (l&rsquo;A.P.F.) s&rsquo;int\u00e9resse aux pr\u00e9occupations propres \u00e0 l&rsquo;\u00e9cole maternelle et \u00e0 l&rsquo;\u00e9cole primaire: apfmacampagne@hotmail.fr.<\/p>\n\n\n\n<p>Devenir membre actif de l&rsquo;AP<br>Vous voulez vous investir dans l&rsquo;AP, participer aux r\u00e9unions, recevoir les rapports, inscrivez-vous en laissant vos coordonn\u00e9es (nom, pr\u00e9nom, classe de votre enfant) sur le mail de l&rsquo;AP.<\/p>\n\n\n\n<hr class=\"wp-block-separator\"\/>\n\n\n\n<p><strong>Soutenir l&rsquo;A.P. financi\u00e8rement<\/strong><br>La participation \u00e0 la vie de l&rsquo;\u00e9cole repr\u00e9sente aussi un investissement financier (repas offerts lors de certaines activit\u00e9s, impressions de feuillets d\u2019invitation et des affiches, achat de mat\u00e9riel\u2026). Pour soutenir nos actions futures, vous \u00eates invit\u00e9s, si vous le pouvez, \u00e0 verser une cotisation annuelle de 20\u20ac par famille. (somme \u00e0 verser sur le compte de l\u2019Association des Parents du CSMC asbl, n\u00b0310-0190242-14, IBAN BE94 3100 1902 4214, communication : cotisation 2012-13)<\/p>\n\n\n\n<hr class=\"wp-block-separator\"\/>\n\n\n\n<p><strong>L&rsquo;UFAPEC<\/strong><br>Union des F\u00e9d\u00e9rations des Associations de Parents de L&rsquo;Enseignement Catholique &#8211; www.ufapec.be<\/p>\n","protected":false},"excerpt":{"rendered":"<p>L\u2019Association des Parents du Centre Scolaire de Ma Campagne(en abr\u00e9g\u00e9 : AP-CSMC ou plus simplement AP) est une asbl pr\u00e9sente et active dans l\u2019\u00e9cole pour vous repr\u00e9senter, vous offrir des occasions de rencontres et soutenir des projets utiles aux \u00e9coliers et \u00e9tudiants. Des membres de l\u2019AP si\u00e8gent dans les Conseils de Participation (fondamental et secondaire) et au sein du pouvoir organisateur, o\u00f9 ils relaient une s\u00e9rie de pr\u00e9occupations parentales (frais scolaires, voyages scolaires, garderie\u2026) Contacter l\u2019A.P.Vous voulez r\u00e9agir, donner votre&#8230;<\/p>\n<p class=\"read-more\"><a class=\"btn btn-default\" href=\"https:\/\/csmacampagne.be\/secondaire\/association-des-parents\/\"> Read More<span class=\"screen-reader-text\">  Read More<\/span><\/a><\/p>\n","protected":false},"author":3,"featured_media":0,"parent":0,"menu_order":0,"comment_status":"closed","ping_status":"closed","template":"","meta":{"footnotes":""},"class_list":["post-19","page","type-page","status-publish","hentry"],"_links":{"self":[{"href":"https:\/\/csmacampagne.be\/secondaire\/wp-json\/wp\/v2\/pages\/19","targetHints":{"allow":["GET"]}}],"collection":[{"href":"https:\/\/csmacampagne.be\/secondaire\/wp-json\/wp\/v2\/pages"}],"about":[{"href":"https:\/\/csmacampagne.be\/secondaire\/wp-json\/wp\/v2\/types\/page"}],"author":[{"embeddable":true,"href":"https:\/\/csmacampagne.be\/secondaire\/wp-json\/wp\/v2\/users\/3"}],"replies":[{"embeddable":true,"href":"https:\/\/csmacampagne.be\/secondaire\/wp-json\/wp\/v2\/comments?post=19"}],"version-history":[{"count":3,"href":"https:\/\/csmacampagne.be\/secondaire\/wp-json\/wp\/v2\/pages\/19\/revisions"}],"predecessor-version":[{"id":56,"href":"https:\/\/csmacampagne.be\/secondaire\/wp-json\/wp\/v2\/pages\/19\/revisions\/56"}],"wp:attachment":[{"href":"https:\/\/csmacampagne.be\/secondaire\/wp-json\/wp\/v2\/media?parent=19"}],"curies":[{"name":"wp","href":"https:\/\/api.w.org\/{rel}","templated":true}]}}