{"id":21,"date":"2020-05-13T16:41:14","date_gmt":"2020-05-13T16:41:14","guid":{"rendered":"https:\/\/csmacampagne.be\/secondaire\/?page_id=21"},"modified":"2020-05-13T19:56:59","modified_gmt":"2020-05-13T19:56:59","slug":"centre-pms","status":"publish","type":"page","link":"https:\/\/csmacampagne.be\/secondaire\/centre-pms\/","title":{"rendered":"Centre PMS"},"content":{"rendered":"\n<div class=\"wp-block-image\"><figure class=\"aligncenter size-large\"><img loading=\"lazy\" decoding=\"async\" width=\"172\" height=\"99\" src=\"https:\/\/csmacampagne.be\/secondaire\/wp-content\/uploads\/2020\/05\/pms.png\" alt=\"\" class=\"wp-image-53\"\/><\/figure><\/div>\n\n\n\n<p>Ecouter \u2013 informer \u2013 Accompagner &#8211;<br>Rem\u00e9dier \u2013 Conseiller \u2013 Orienter<br>pour favoriser le d\u00e9veloppement optimal de tous les \u00e9l\u00e8ves<\/p>\n\n\n\n<p><strong>Permanences \u00e0 l&rsquo;\u00e9cole (sur les deux sites) et au centre PMS :<\/strong><\/p>\n\n\n\n<p><strong>CPMS Libre d\u2019Uccle B<\/strong><br>Avenue Coghen, 217<br>1180 Uccle<br>02\/226 41 30<\/p>\n","protected":false},"excerpt":{"rendered":"<p>Ecouter \u2013 informer \u2013 Accompagner &#8211;Rem\u00e9dier \u2013 Conseiller \u2013 Orienterpour favoriser le d\u00e9veloppement optimal de tous les \u00e9l\u00e8ves Permanences \u00e0 l&rsquo;\u00e9cole (sur les deux sites) et au centre PMS : CPMS Libre d\u2019Uccle BAvenue Coghen, 2171180 Uccle02\/226 41 30<\/p>\n","protected":false},"author":3,"featured_media":0,"parent":0,"menu_order":0,"comment_status":"closed","ping_status":"closed","template":"","meta":{"footnotes":""},"class_list":["post-21","page","type-page","status-publish","hentry"],"_links":{"self":[{"href":"https:\/\/csmacampagne.be\/secondaire\/wp-json\/wp\/v2\/pages\/21","targetHints":{"allow":["GET"]}}],"collection":[{"href":"https:\/\/csmacampagne.be\/secondaire\/wp-json\/wp\/v2\/pages"}],"about":[{"href":"https:\/\/csmacampagne.be\/secondaire\/wp-json\/wp\/v2\/types\/page"}],"author":[{"embeddable":true,"href":"https:\/\/csmacampagne.be\/secondaire\/wp-json\/wp\/v2\/users\/3"}],"replies":[{"embeddable":true,"href":"https:\/\/csmacampagne.be\/secondaire\/wp-json\/wp\/v2\/comments?post=21"}],"version-history":[{"count":3,"href":"https:\/\/csmacampagne.be\/secondaire\/wp-json\/wp\/v2\/pages\/21\/revisions"}],"predecessor-version":[{"id":54,"href":"https:\/\/csmacampagne.be\/secondaire\/wp-json\/wp\/v2\/pages\/21\/revisions\/54"}],"wp:attachment":[{"href":"https:\/\/csmacampagne.be\/secondaire\/wp-json\/wp\/v2\/media?parent=21"}],"curies":[{"name":"wp","href":"https:\/\/api.w.org\/{rel}","templated":true}]}}