{"id":36,"date":"2020-05-13T18:09:57","date_gmt":"2020-05-13T18:09:57","guid":{"rendered":"https:\/\/csmacampagne.be\/secondaire\/?page_id=36"},"modified":"2021-05-16T19:33:36","modified_gmt":"2021-05-16T19:33:36","slug":"enseignement","status":"publish","type":"page","link":"https:\/\/csmacampagne.be\/secondaire\/enseignement\/","title":{"rendered":"Enseignement"},"content":{"rendered":"<p>Retrouvez l&rsquo;ensemble de l&rsquo;offre de l&rsquo;enseignement et les diff\u00e9rentes grilles horaires du Centre Scolaire de Ma Campagne dans le brochure ci-dessous :<\/p>\n<ul>\n<li><a href=\"https:\/\/csmacampagne.be\/secondaire\/wp-content\/uploads\/2020\/05\/Brochure-2020.pdf\" target=\"_blank\" rel=\"noopener noreferrer\">Brochure 2020 &#8211; 2021<\/a><\/li>\n<\/ul>\n\n\n<hr class=\"wp-block-separator\"\/>\n\n\n<p>\u00ab Parcours ton orientation \u00bb est un projet qui consiste \u00e0 informer les jeunes sur les orientations scolaires dans le deuxi\u00e8me et le troisi\u00e8me degr\u00e9. <br \/>D\u00e9couvrez les vid\u00e9os r\u00e9alis\u00e9es au sein du Centre Scolaire de Ma Campagne.<\/p>\n<h4>PUERICULTURE<\/h4>\n\n\n<figure class=\"wp-block-embed is-type-video is-provider-youtube wp-block-embed-youtube wp-embed-aspect-16-9 wp-has-aspect-ratio\"><div class=\"wp-block-embed__wrapper\">\n<iframe loading=\"lazy\" title=\"Parcours ton Orientation - Puericulture\" width=\"640\" height=\"360\" src=\"https:\/\/www.youtube.com\/embed\/uN49I0A6JD8?feature=oembed\" frameborder=\"0\" allow=\"accelerometer; autoplay; clipboard-write; encrypted-media; gyroscope; picture-in-picture; web-share\" referrerpolicy=\"strict-origin-when-cross-origin\" allowfullscreen><\/iframe>\n<\/div><\/figure>\n\n\n\n<hr class=\"wp-block-separator\"\/>\n\n\n<h4>ARTS APPLIQUES &#8211; ASSISTANT.E AUX METIERS DE LA PUBLICITE<\/h4>\n\n\n<figure class=\"wp-block-embed is-type-video is-provider-youtube wp-block-embed-youtube wp-embed-aspect-16-9 wp-has-aspect-ratio\"><div class=\"wp-block-embed__wrapper\">\n<iframe loading=\"lazy\" title=\"Parcours ton Orientation - Arts Appliqu\u00e9s - Assistant.e aux m\u00e9tiers de la publicit\u00e9\" width=\"640\" height=\"360\" src=\"https:\/\/www.youtube.com\/embed\/dZvwg-PMS78?feature=oembed\" frameborder=\"0\" allow=\"accelerometer; autoplay; clipboard-write; encrypted-media; gyroscope; picture-in-picture; web-share\" referrerpolicy=\"strict-origin-when-cross-origin\" allowfullscreen><\/iframe>\n<\/div><\/figure>\n\n\n\n<hr class=\"wp-block-separator\"\/>\n\n\n<h4>ARTS APPLIQUES &#8211; ASSISTANT.E EN DECORATION<\/h4>\n\n\n<figure class=\"wp-block-embed is-type-video is-provider-youtube wp-block-embed-youtube wp-embed-aspect-16-9 wp-has-aspect-ratio\"><div class=\"wp-block-embed__wrapper\">\n<iframe loading=\"lazy\" title=\"Parcours ton Orientation - Arts appliqu\u00e9s - Assistant.e en D\u00e9coration\" width=\"640\" height=\"360\" src=\"https:\/\/www.youtube.com\/embed\/xelUAGZLUkY?feature=oembed\" frameborder=\"0\" allow=\"accelerometer; autoplay; clipboard-write; encrypted-media; gyroscope; picture-in-picture; web-share\" referrerpolicy=\"strict-origin-when-cross-origin\" allowfullscreen><\/iframe>\n<\/div><\/figure>\n\n\n\n<p><\/p>\n","protected":false},"excerpt":{"rendered":"<p>Retrouvez l&rsquo;ensemble de l&rsquo;offre de l&rsquo;enseignement et les diff\u00e9rentes grilles horaires du Centre Scolaire de Ma Campagne dans le brochure ci-dessous : Brochure 2020 &#8211; 2021 \u00ab Parcours ton orientation \u00bb est un projet qui consiste \u00e0 informer les jeunes sur les orientations scolaires dans le deuxi\u00e8me et le troisi\u00e8me degr\u00e9. D\u00e9couvrez les vid\u00e9os r\u00e9alis\u00e9es au sein du Centre Scolaire de Ma Campagne. PUERICULTURE ARTS APPLIQUES &#8211; ASSISTANT.E AUX METIERS DE LA PUBLICITE ARTS APPLIQUES &#8211; ASSISTANT.E EN DECORATION<\/p>\n","protected":false},"author":3,"featured_media":0,"parent":0,"menu_order":0,"comment_status":"closed","ping_status":"closed","template":"","meta":{"footnotes":""},"class_list":["post-36","page","type-page","status-publish","hentry"],"_links":{"self":[{"href":"https:\/\/csmacampagne.be\/secondaire\/wp-json\/wp\/v2\/pages\/36","targetHints":{"allow":["GET"]}}],"collection":[{"href":"https:\/\/csmacampagne.be\/secondaire\/wp-json\/wp\/v2\/pages"}],"about":[{"href":"https:\/\/csmacampagne.be\/secondaire\/wp-json\/wp\/v2\/types\/page"}],"author":[{"embeddable":true,"href":"https:\/\/csmacampagne.be\/secondaire\/wp-json\/wp\/v2\/users\/3"}],"replies":[{"embeddable":true,"href":"https:\/\/csmacampagne.be\/secondaire\/wp-json\/wp\/v2\/comments?post=36"}],"version-history":[{"count":13,"href":"https:\/\/csmacampagne.be\/secondaire\/wp-json\/wp\/v2\/pages\/36\/revisions"}],"predecessor-version":[{"id":332,"href":"https:\/\/csmacampagne.be\/secondaire\/wp-json\/wp\/v2\/pages\/36\/revisions\/332"}],"wp:attachment":[{"href":"https:\/\/csmacampagne.be\/secondaire\/wp-json\/wp\/v2\/media?parent=36"}],"curies":[{"name":"wp","href":"https:\/\/api.w.org\/{rel}","templated":true}]}}