{"id":44,"date":"2020-05-13T19:49:56","date_gmt":"2020-05-13T19:49:56","guid":{"rendered":"https:\/\/csmacampagne.be\/secondaire\/?page_id=44"},"modified":"2022-03-17T21:16:43","modified_gmt":"2022-03-17T21:16:43","slug":"inscriptions","status":"publish","type":"page","link":"https:\/\/csmacampagne.be\/secondaire\/inscriptions\/","title":{"rendered":"Inscriptions 2 et 3\u00e8me degr\u00e9s"},"content":{"rendered":"\n<hr class=\"wp-block-separator\"\/>\n\n\n\n<p>Revivez la vid\u00e9o d&rsquo;information sur le 2\u00e8me et 3\u00e8me degr\u00e9s au CSMC.<\/p>\n\n\n\n<figure class=\"wp-block-embed is-type-video is-provider-youtube wp-block-embed-youtube wp-embed-aspect-16-9 wp-has-aspect-ratio\"><div class=\"wp-block-embed__wrapper\">\n<iframe loading=\"lazy\" title=\"Pr\u00e9sentation orientation 2e 4e au CSMC\" width=\"640\" height=\"360\" src=\"https:\/\/www.youtube.com\/embed\/-0S4PsTPaWw?feature=oembed\" frameborder=\"0\" allow=\"accelerometer; autoplay; clipboard-write; encrypted-media; gyroscope; picture-in-picture; web-share\" referrerpolicy=\"strict-origin-when-cross-origin\" allowfullscreen><\/iframe>\n<\/div><\/figure>\n\n\n<h3>2EME ET 3EME DEGRES<\/h3>\n<p>Les inscriptions au <strong>2\u00e8me et 3\u00e8me degr\u00e9s<\/strong> se font au moyen du formulaire d\u2019inscription ci-dessous.<\/p>\n\n\n<h4 class=\"wp-block-heading\" id=\"inscriptions-en-3-4-5-6-7emes-annees\"><strong>Inscriptions en 3\/4\/5\/6\/7\u00e8mes ann\u00e9es<\/strong><\/h4>\n\n\n\n<p><iframe loading=\"lazy\" width=\"640px\" height=\"480px\" src=\"https:\/\/forms.office.com\/Pages\/ResponsePage.aspx?id=ZSHNGvfbx0WVyP29lhhz0aiN89SfdLFAijrxFHqE3HZUQjhaWVhBWldMSVlLTEpOUDdZSjdONjJNOS4u&amp;embed=true\" frameborder=\"0\" marginwidth=\"0\" marginheight=\"0\" style=\"border: none; max-width:100%; max-height:100vh\" allowfullscreen=\"\" webkitallowfullscreen=\"\" mozallowfullscreen=\"\" msallowfullscreen=\"\"> <\/iframe><\/p>\n","protected":false},"excerpt":{"rendered":"<p>Revivez la vid\u00e9o d&rsquo;information sur le 2\u00e8me et 3\u00e8me degr\u00e9s au CSMC. 2EME ET 3EME DEGRES Les inscriptions au 2\u00e8me et 3\u00e8me degr\u00e9s se font au moyen du formulaire d\u2019inscription ci-dessous. Inscriptions en 3\/4\/5\/6\/7\u00e8mes ann\u00e9es<\/p>\n","protected":false},"author":3,"featured_media":0,"parent":0,"menu_order":0,"comment_status":"closed","ping_status":"closed","template":"","meta":{"footnotes":""},"class_list":["post-44","page","type-page","status-publish","hentry"],"_links":{"self":[{"href":"https:\/\/csmacampagne.be\/secondaire\/wp-json\/wp\/v2\/pages\/44","targetHints":{"allow":["GET"]}}],"collection":[{"href":"https:\/\/csmacampagne.be\/secondaire\/wp-json\/wp\/v2\/pages"}],"about":[{"href":"https:\/\/csmacampagne.be\/secondaire\/wp-json\/wp\/v2\/types\/page"}],"author":[{"embeddable":true,"href":"https:\/\/csmacampagne.be\/secondaire\/wp-json\/wp\/v2\/users\/3"}],"replies":[{"embeddable":true,"href":"https:\/\/csmacampagne.be\/secondaire\/wp-json\/wp\/v2\/comments?post=44"}],"version-history":[{"count":38,"href":"https:\/\/csmacampagne.be\/secondaire\/wp-json\/wp\/v2\/pages\/44\/revisions"}],"predecessor-version":[{"id":695,"href":"https:\/\/csmacampagne.be\/secondaire\/wp-json\/wp\/v2\/pages\/44\/revisions\/695"}],"wp:attachment":[{"href":"https:\/\/csmacampagne.be\/secondaire\/wp-json\/wp\/v2\/media?parent=44"}],"curies":[{"name":"wp","href":"https:\/\/api.w.org\/{rel}","templated":true}]}}