{"id":505,"date":"2022-01-19T17:47:22","date_gmt":"2022-01-19T17:47:22","guid":{"rendered":"https:\/\/csmacampagne.be\/secondaire\/?page_id=505"},"modified":"2023-03-12T18:21:40","modified_gmt":"2023-03-12T16:21:40","slug":"1er-degre","status":"publish","type":"page","link":"https:\/\/csmacampagne.be\/secondaire\/1er-degre\/","title":{"rendered":"1er degr\u00e9"},"content":{"rendered":"\n<p>Le premier degr\u00e9 (1C, 2C, 2S) est situ\u00e9 <strong>rue du Page<\/strong> (n\u00b078), \u00e0 100 m\u00e8tres du site de la rue Africaine. Ce b\u00e2timent comporte une <strong>douzaine de classe<\/strong>, une <strong>salle de sport<\/strong>, une <strong>salle informatique<\/strong>, un r\u00e9fectoire. \u00c0 l\u2019ext\u00e9rieur, un nouveau <strong>pr\u00e9au-terrain de sport<\/strong> a \u00e9t\u00e9 construit en 2020.<\/p>\n\n\n\n<p>Une \u00e9quipe de trois \u00e9ducateurs assure le suivi des \u00e9l\u00e8ves.<\/p>\n\n\n\n<p>L\u2019offre d\u2019enseignement est <strong>commune<\/strong> \u00e0 toutes les classes de <strong>1\u00e8re<\/strong>. En <strong>2C<\/strong>, nous proposons une s\u00e9rie d\u2019<strong>activit\u00e9s compl\u00e9mentaires<\/strong> (latin, socio-\u00e9co, labo-sciences, expression plastique, expression verbale).<\/p>\n\n\n\n<p>Vous trouverez ci-dessous nos diff\u00e9rentes grilles-horaires<\/p>\n\n\n<a href=\"https:\/\/csmacampagne.be\/secondaire\/wp-content\/uploads\/2023\/03\/1degre-1.pdf\" class=\"pdfemb-viewer\" style=\"\" data-width=\"max\" data-height=\"max\" data-toolbar=\"bottom\" data-toolbar-fixed=\"off\">1degre-1<\/a>\n<p class=\"wp-block-pdfemb-pdf-embedder-viewer\"><\/p>\n\n\n<a href=\"https:\/\/csmacampagne.be\/secondaire\/wp-content\/uploads\/2023\/03\/1degre-2.pdf\" class=\"pdfemb-viewer\" style=\"\" data-width=\"max\" data-height=\"max\" data-toolbar=\"bottom\" data-toolbar-fixed=\"off\">1degre-2<\/a>\n<p class=\"wp-block-pdfemb-pdf-embedder-viewer\"><\/p>\n","protected":false},"excerpt":{"rendered":"<p>Le premier degr\u00e9 (1C, 2C, 2S) est situ\u00e9 rue du Page (n\u00b078), \u00e0 100 m\u00e8tres du site de la rue Africaine. Ce b\u00e2timent comporte une douzaine de classe, une salle de sport, une salle informatique, un r\u00e9fectoire. \u00c0 l\u2019ext\u00e9rieur, un nouveau pr\u00e9au-terrain de sport a \u00e9t\u00e9 construit en 2020. Une \u00e9quipe de trois \u00e9ducateurs assure le suivi des \u00e9l\u00e8ves. L\u2019offre d\u2019enseignement est commune \u00e0 toutes les classes de 1\u00e8re. En 2C, nous proposons une s\u00e9rie d\u2019activit\u00e9s compl\u00e9mentaires (latin, socio-\u00e9co, labo-sciences,&#8230;<\/p>\n<p class=\"read-more\"><a class=\"btn btn-default\" href=\"https:\/\/csmacampagne.be\/secondaire\/1er-degre\/\"> Read More<span class=\"screen-reader-text\">  Read More<\/span><\/a><\/p>\n","protected":false},"author":3,"featured_media":0,"parent":0,"menu_order":0,"comment_status":"closed","ping_status":"closed","template":"","meta":{"footnotes":""},"class_list":["post-505","page","type-page","status-publish","hentry"],"_links":{"self":[{"href":"https:\/\/csmacampagne.be\/secondaire\/wp-json\/wp\/v2\/pages\/505","targetHints":{"allow":["GET"]}}],"collection":[{"href":"https:\/\/csmacampagne.be\/secondaire\/wp-json\/wp\/v2\/pages"}],"about":[{"href":"https:\/\/csmacampagne.be\/secondaire\/wp-json\/wp\/v2\/types\/page"}],"author":[{"embeddable":true,"href":"https:\/\/csmacampagne.be\/secondaire\/wp-json\/wp\/v2\/users\/3"}],"replies":[{"embeddable":true,"href":"https:\/\/csmacampagne.be\/secondaire\/wp-json\/wp\/v2\/comments?post=505"}],"version-history":[{"count":4,"href":"https:\/\/csmacampagne.be\/secondaire\/wp-json\/wp\/v2\/pages\/505\/revisions"}],"predecessor-version":[{"id":1048,"href":"https:\/\/csmacampagne.be\/secondaire\/wp-json\/wp\/v2\/pages\/505\/revisions\/1048"}],"wp:attachment":[{"href":"https:\/\/csmacampagne.be\/secondaire\/wp-json\/wp\/v2\/media?parent=505"}],"curies":[{"name":"wp","href":"https:\/\/api.w.org\/{rel}","templated":true}]}}