{"id":508,"date":"2022-01-19T17:50:26","date_gmt":"2022-01-19T17:50:26","guid":{"rendered":"https:\/\/csmacampagne.be\/secondaire\/?page_id=508"},"modified":"2024-01-31T15:41:40","modified_gmt":"2024-01-31T13:41:40","slug":"enseignement-de-transition","status":"publish","type":"page","link":"https:\/\/csmacampagne.be\/secondaire\/enseignement-de-transition\/","title":{"rendered":"Enseignement de transition"},"content":{"rendered":"\n<p>De la <strong>3\u00e8me \u00e0 la 6\u00e8me ann\u00e9e<\/strong>, outre les cours obligatoires, nous proposons un certain nombre d\u2019options : <strong>latin<\/strong>, <strong>math\u00e9matiques<\/strong>, <strong>sciences sociales<\/strong>, <strong>sciences<\/strong>, <strong>langues<\/strong>. Ces diff\u00e9rentes options peuvent se combiner.<\/p>\n\n\n\n<p>En <strong>technique de transition<\/strong>, nous proposons deux orientations : <strong>sciences sociales et \u00e9ducatives et humanit\u00e9s th\u00e9\u00e2trales<\/strong>. Cette derni\u00e8re section est organis\u00e9e en partenariat avec l\u2019<strong>acad\u00e9mie d\u2019Ixelles<\/strong>. Pour plus de renseignements vous pouvez contacter M. Thierry Cammaert, directeur de l\u2019acad\u00e9mie : thierry.cammaert@ixelles.brussels.be<\/p>\n\n\n\n<p>Vous trouverez ci-dessous nos diff\u00e9rentes grilles-horaires ainsi qu&rsquo;une vid\u00e9o explicative tourn\u00e9e au sein du CSMC. <\/p>\n\n\n<a href=\"https:\/\/csmacampagne.be\/secondaire\/wp-content\/uploads\/2023\/03\/gt-2degre.pdf\" class=\"pdfemb-viewer\" style=\"\" data-width=\"max\" data-height=\"max\" data-toolbar=\"bottom\" data-toolbar-fixed=\"off\">gt-2degre<\/a>\n<p class=\"wp-block-pdfemb-pdf-embedder-viewer\"><\/p>\n\n\n<a href=\"https:\/\/csmacampagne.be\/secondaire\/wp-content\/uploads\/2024\/01\/5-6-gt.pdf\" class=\"pdfemb-viewer\" style=\"\" data-width=\"max\" data-height=\"max\" data-toolbar=\"bottom\" data-toolbar-fixed=\"off\">5-6-gt<\/a>\n<p class=\"wp-block-pdfemb-pdf-embedder-viewer\"><\/p>\n\n\n\n<hr class=\"wp-block-separator has-alpha-channel-opacity\"\/>\n\n\n<a href=\"https:\/\/csmacampagne.be\/secondaire\/wp-content\/uploads\/2023\/03\/ttr-2degre.pdf\" class=\"pdfemb-viewer\" style=\"\" data-width=\"max\" data-height=\"max\" data-toolbar=\"bottom\" data-toolbar-fixed=\"off\">ttr-2degre<\/a>\n<p class=\"wp-block-pdfemb-pdf-embedder-viewer\"><\/p>\n\n\n<a href=\"https:\/\/csmacampagne.be\/secondaire\/wp-content\/uploads\/2023\/03\/hth.pdf\" class=\"pdfemb-viewer\" style=\"\" data-width=\"max\" data-height=\"max\" data-toolbar=\"bottom\" data-toolbar-fixed=\"off\">hth<\/a>\n<p class=\"wp-block-pdfemb-pdf-embedder-viewer\"><\/p>\n\n\n\n<figure class=\"wp-block-embed is-type-video is-provider-youtube wp-block-embed-youtube wp-embed-aspect-16-9 wp-has-aspect-ratio\"><div class=\"wp-block-embed__wrapper\">\n<iframe loading=\"lazy\" title=\"Pr\u00e9sentation du degr\u00e9 G\u00e9n\u00e9ral de Transition au CSMC\" width=\"640\" height=\"360\" src=\"https:\/\/www.youtube.com\/embed\/0gHbXz6Mei4?feature=oembed\" frameborder=\"0\" allow=\"accelerometer; autoplay; clipboard-write; encrypted-media; gyroscope; picture-in-picture; web-share\" referrerpolicy=\"strict-origin-when-cross-origin\" allowfullscreen><\/iframe>\n<\/div><\/figure>\n","protected":false},"excerpt":{"rendered":"<p>De la 3\u00e8me \u00e0 la 6\u00e8me ann\u00e9e, outre les cours obligatoires, nous proposons un certain nombre d\u2019options : latin, math\u00e9matiques, sciences sociales, sciences, langues. Ces diff\u00e9rentes options peuvent se combiner. En technique de transition, nous proposons deux orientations : sciences sociales et \u00e9ducatives et humanit\u00e9s th\u00e9\u00e2trales. Cette derni\u00e8re section est organis\u00e9e en partenariat avec l\u2019acad\u00e9mie d\u2019Ixelles. Pour plus de renseignements vous pouvez contacter M. Thierry Cammaert, directeur de l\u2019acad\u00e9mie : thierry.cammaert@ixelles.brussels.be Vous trouverez ci-dessous nos diff\u00e9rentes grilles-horaires ainsi qu&rsquo;une vid\u00e9o&#8230;<\/p>\n<p class=\"read-more\"><a class=\"btn btn-default\" href=\"https:\/\/csmacampagne.be\/secondaire\/enseignement-de-transition\/\"> Read More<span class=\"screen-reader-text\">  Read More<\/span><\/a><\/p>\n","protected":false},"author":3,"featured_media":0,"parent":0,"menu_order":0,"comment_status":"closed","ping_status":"closed","template":"","meta":{"footnotes":""},"class_list":["post-508","page","type-page","status-publish","hentry"],"_links":{"self":[{"href":"https:\/\/csmacampagne.be\/secondaire\/wp-json\/wp\/v2\/pages\/508","targetHints":{"allow":["GET"]}}],"collection":[{"href":"https:\/\/csmacampagne.be\/secondaire\/wp-json\/wp\/v2\/pages"}],"about":[{"href":"https:\/\/csmacampagne.be\/secondaire\/wp-json\/wp\/v2\/types\/page"}],"author":[{"embeddable":true,"href":"https:\/\/csmacampagne.be\/secondaire\/wp-json\/wp\/v2\/users\/3"}],"replies":[{"embeddable":true,"href":"https:\/\/csmacampagne.be\/secondaire\/wp-json\/wp\/v2\/comments?post=508"}],"version-history":[{"count":20,"href":"https:\/\/csmacampagne.be\/secondaire\/wp-json\/wp\/v2\/pages\/508\/revisions"}],"predecessor-version":[{"id":1240,"href":"https:\/\/csmacampagne.be\/secondaire\/wp-json\/wp\/v2\/pages\/508\/revisions\/1240"}],"wp:attachment":[{"href":"https:\/\/csmacampagne.be\/secondaire\/wp-json\/wp\/v2\/media?parent=508"}],"curies":[{"name":"wp","href":"https:\/\/api.w.org\/{rel}","templated":true}]}}