{"id":511,"date":"2022-01-19T18:47:54","date_gmt":"2022-01-19T18:47:54","guid":{"rendered":"https:\/\/csmacampagne.be\/secondaire\/?page_id=511"},"modified":"2023-04-03T19:05:49","modified_gmt":"2023-04-03T17:05:49","slug":"technique-qualification-2eme-degre","status":"publish","type":"page","link":"https:\/\/csmacampagne.be\/secondaire\/technique-qualification-2eme-degre\/","title":{"rendered":"2\u00e8me degr\u00e9"},"content":{"rendered":"\n<p>La section est destin\u00e9e \u00e0 des \u00e9l\u00e8ves int\u00e9ress\u00e9s par le <strong>secteur \u00e9conomique<\/strong>.<\/p>\n\n\n\n<p>Les cours \u00e0 option sont principalement ax\u00e9s sur des exercices pratiques effectu\u00e9s, pour la plupart, dans les locaux <strong>informatiques<\/strong> de l\u2019\u00e9cole. Ces derniers sont \u00e9quip\u00e9s avec du mat\u00e9riel adapt\u00e9 aux exigences de la formation.<\/p>\n\n\n\n<p>Sans n\u00e9gliger les cours g\u00e9n\u00e9raux, ces cours donnent les bases n\u00e9cessaires \u00e0 l\u2019\u00e9l\u00e8ve pour poursuivre leur parcours en 5\u00e8me technique, dans une option \u00e9conomique.<\/p>\n\n\n\n<p>Vous trouverez ci-dessous nos diff\u00e9rentes grilles-horaires ainsi qu&rsquo;une vid\u00e9o explicative tourn\u00e9e au sein du CSMC<\/p>\n\n\n<a href=\"https:\/\/csmacampagne.be\/secondaire\/wp-content\/uploads\/2023\/04\/3-4tq.pdf\" class=\"pdfemb-viewer\" style=\"\" data-width=\"max\" data-height=\"max\" data-toolbar=\"bottom\" data-toolbar-fixed=\"off\">3-4tq<\/a>\n<p class=\"wp-block-pdfemb-pdf-embedder-viewer\"><\/p>\n\n\n\n<figure class=\"wp-block-embed is-type-video is-provider-youtube wp-block-embed-youtube wp-embed-aspect-16-9 wp-has-aspect-ratio\"><div class=\"wp-block-embed__wrapper\">\n<iframe loading=\"lazy\" title=\"Pr\u00e9sentation du 2\u00e8me degr\u00e9 Technique de Qualification au CSMC\" width=\"640\" height=\"360\" src=\"https:\/\/www.youtube.com\/embed\/YQ-REWcvY1g?feature=oembed\" frameborder=\"0\" allow=\"accelerometer; autoplay; clipboard-write; encrypted-media; gyroscope; picture-in-picture; web-share\" referrerpolicy=\"strict-origin-when-cross-origin\" allowfullscreen><\/iframe>\n<\/div><\/figure>\n","protected":false},"excerpt":{"rendered":"<p>La section est destin\u00e9e \u00e0 des \u00e9l\u00e8ves int\u00e9ress\u00e9s par le secteur \u00e9conomique. Les cours \u00e0 option sont principalement ax\u00e9s sur des exercices pratiques effectu\u00e9s, pour la plupart, dans les locaux informatiques de l\u2019\u00e9cole. Ces derniers sont \u00e9quip\u00e9s avec du mat\u00e9riel adapt\u00e9 aux exigences de la formation. Sans n\u00e9gliger les cours g\u00e9n\u00e9raux, ces cours donnent les bases n\u00e9cessaires \u00e0 l\u2019\u00e9l\u00e8ve pour poursuivre leur parcours en 5\u00e8me technique, dans une option \u00e9conomique. Vous trouverez ci-dessous nos diff\u00e9rentes grilles-horaires ainsi qu&rsquo;une vid\u00e9o explicative&#8230;<\/p>\n<p class=\"read-more\"><a class=\"btn btn-default\" href=\"https:\/\/csmacampagne.be\/secondaire\/technique-qualification-2eme-degre\/\"> Read More<span class=\"screen-reader-text\">  Read More<\/span><\/a><\/p>\n","protected":false},"author":3,"featured_media":0,"parent":0,"menu_order":0,"comment_status":"closed","ping_status":"closed","template":"","meta":{"footnotes":""},"class_list":["post-511","page","type-page","status-publish","hentry"],"_links":{"self":[{"href":"https:\/\/csmacampagne.be\/secondaire\/wp-json\/wp\/v2\/pages\/511","targetHints":{"allow":["GET"]}}],"collection":[{"href":"https:\/\/csmacampagne.be\/secondaire\/wp-json\/wp\/v2\/pages"}],"about":[{"href":"https:\/\/csmacampagne.be\/secondaire\/wp-json\/wp\/v2\/types\/page"}],"author":[{"embeddable":true,"href":"https:\/\/csmacampagne.be\/secondaire\/wp-json\/wp\/v2\/users\/3"}],"replies":[{"embeddable":true,"href":"https:\/\/csmacampagne.be\/secondaire\/wp-json\/wp\/v2\/comments?post=511"}],"version-history":[{"count":11,"href":"https:\/\/csmacampagne.be\/secondaire\/wp-json\/wp\/v2\/pages\/511\/revisions"}],"predecessor-version":[{"id":1130,"href":"https:\/\/csmacampagne.be\/secondaire\/wp-json\/wp\/v2\/pages\/511\/revisions\/1130"}],"wp:attachment":[{"href":"https:\/\/csmacampagne.be\/secondaire\/wp-json\/wp\/v2\/media?parent=511"}],"curies":[{"name":"wp","href":"https:\/\/api.w.org\/{rel}","templated":true}]}}