{"id":514,"date":"2022-01-19T18:49:53","date_gmt":"2022-01-19T18:49:53","guid":{"rendered":"https:\/\/csmacampagne.be\/secondaire\/?page_id=514"},"modified":"2023-03-10T18:09:33","modified_gmt":"2023-03-10T16:09:33","slug":"technicien-de-bureau","status":"publish","type":"page","link":"https:\/\/csmacampagne.be\/secondaire\/technicien-de-bureau\/","title":{"rendered":"Bureautique"},"content":{"rendered":"\n<p>La finalit\u00e9 de la section est de permettre \u00e0 l\u2019\u00e9l\u00e8ve d\u2019acqu\u00e9rir les connaissances pour mieux comprendre l\u2019<strong>environnement \u00e9conomique, juridique et social<\/strong> dans lequel il \u00e9volue.<\/p>\n\n\n\n<p>Sans n\u00e9gliger les cours g\u00e9n\u00e9raux qui encadrent la formation, les options sont principalement bas\u00e9es sur des exercices effectu\u00e9s en utilisant les <strong>outils informatiques et bureautiques<\/strong> qui mettent en pratique les connaissances th\u00e9oriques acquises durant les cours.<\/p>\n\n\n\n<p>L\u2019\u00e9cole dispose ainsi de locaux \u00e9quip\u00e9s de mat\u00e9riel informatiques r\u00e9cents (dont le logiciel comptable BOB, utilis\u00e9s par beaucoup d\u2019entreprises en Belgique).<\/p>\n\n\n\n<p>Notre formation est compl\u00e9t\u00e9e par une <strong>exp\u00e9rience pratique en milieu professionnel<\/strong> (stage de 4 semaines en 6\u00e8me, visites d\u2019entreprises, \u2026).<\/p>\n\n\n\n<p>La formation dispens\u00e9e se donne comme objectif former l\u2019\u00e9l\u00e8ve aux principes de rigueur, de m\u00e9thode et de pr\u00e9cision dans la r\u00e9alisation d\u2019un travail, qualit\u00e9s indispensables \u00e0 tout bon comptable et assistant administratif.<\/p>\n\n\n\n<p>Au terme de la <strong>6\u00e8me ann\u00e9e<\/strong>, l\u2019\u00e9l\u00e8ve obtiendra 3 dipl\u00f4mes :<\/p>\n\n\n\n<p>\u00b7 Le <strong>CESS<\/strong>, n\u00e9cessaire pour entreprendre des \u00e9tudes sup\u00e9rieures,<\/p>\n\n\n\n<p>\u00b7 Le <strong>dipl\u00f4me de gestion<\/strong>, indispensable pour cr\u00e9er sa propre entreprise en Belgique,<\/p>\n\n\n\n<p>\u00b7 Le <strong>certificat de qualification<\/strong>, qui ouvre la porte \u00e0 des d\u00e9bouch\u00e9s professionnels en tant qu\u2019aide comptable ou assistant administratif, en fonction de l\u2019orientation.<\/p>\n\n\n\n<p>Vous trouverez ci-dessous nos diff\u00e9rentes grilles-horaires ainsi qu&rsquo;une vid\u00e9o de pr\u00e9sentation r\u00e9alis\u00e9e par nos \u00e9l\u00e8ves.<\/p>\n\n\n<a href=\"https:\/\/csmacampagne.be\/secondaire\/wp-content\/uploads\/2023\/03\/bur-comp-5eme.pdf\" class=\"pdfemb-viewer\" style=\"\" data-width=\"max\" data-height=\"max\" data-toolbar=\"bottom\" data-toolbar-fixed=\"off\">bur-comp-5eme<\/a>\n<p class=\"wp-block-pdfemb-pdf-embedder-viewer\"><\/p>\n\n\n<a href=\"https:\/\/csmacampagne.be\/secondaire\/wp-content\/uploads\/2023\/03\/bur-comp-6eme.pdf\" class=\"pdfemb-viewer\" style=\"\" data-width=\"max\" data-height=\"max\" data-toolbar=\"bottom\" data-toolbar-fixed=\"off\">bur-comp-6eme<\/a>\n<p class=\"wp-block-pdfemb-pdf-embedder-viewer\"><\/p>\n\n\n\n<figure class=\"wp-block-embed is-type-video is-provider-youtube wp-block-embed-youtube wp-embed-aspect-16-9 wp-has-aspect-ratio\"><div class=\"wp-block-embed__wrapper\">\n<iframe loading=\"lazy\" title=\"Pourquoi choisir de \u00e9tudes de Technicien de Bureau ?\" width=\"640\" height=\"360\" src=\"https:\/\/www.youtube.com\/embed\/1ryTTwQH0YU?feature=oembed\" frameborder=\"0\" allow=\"accelerometer; autoplay; clipboard-write; encrypted-media; gyroscope; picture-in-picture; web-share\" referrerpolicy=\"strict-origin-when-cross-origin\" allowfullscreen><\/iframe>\n<\/div><\/figure>\n","protected":false},"excerpt":{"rendered":"<p>La finalit\u00e9 de la section est de permettre \u00e0 l\u2019\u00e9l\u00e8ve d\u2019acqu\u00e9rir les connaissances pour mieux comprendre l\u2019environnement \u00e9conomique, juridique et social dans lequel il \u00e9volue. Sans n\u00e9gliger les cours g\u00e9n\u00e9raux qui encadrent la formation, les options sont principalement bas\u00e9es sur des exercices effectu\u00e9s en utilisant les outils informatiques et bureautiques qui mettent en pratique les connaissances th\u00e9oriques acquises durant les cours. L\u2019\u00e9cole dispose ainsi de locaux \u00e9quip\u00e9s de mat\u00e9riel informatiques r\u00e9cents (dont le logiciel comptable BOB, utilis\u00e9s par beaucoup d\u2019entreprises&#8230;<\/p>\n<p class=\"read-more\"><a class=\"btn btn-default\" href=\"https:\/\/csmacampagne.be\/secondaire\/technicien-de-bureau\/\"> Read More<span class=\"screen-reader-text\">  Read More<\/span><\/a><\/p>\n","protected":false},"author":3,"featured_media":0,"parent":0,"menu_order":0,"comment_status":"closed","ping_status":"closed","template":"","meta":{"footnotes":""},"class_list":["post-514","page","type-page","status-publish","hentry"],"_links":{"self":[{"href":"https:\/\/csmacampagne.be\/secondaire\/wp-json\/wp\/v2\/pages\/514","targetHints":{"allow":["GET"]}}],"collection":[{"href":"https:\/\/csmacampagne.be\/secondaire\/wp-json\/wp\/v2\/pages"}],"about":[{"href":"https:\/\/csmacampagne.be\/secondaire\/wp-json\/wp\/v2\/types\/page"}],"author":[{"embeddable":true,"href":"https:\/\/csmacampagne.be\/secondaire\/wp-json\/wp\/v2\/users\/3"}],"replies":[{"embeddable":true,"href":"https:\/\/csmacampagne.be\/secondaire\/wp-json\/wp\/v2\/comments?post=514"}],"version-history":[{"count":6,"href":"https:\/\/csmacampagne.be\/secondaire\/wp-json\/wp\/v2\/pages\/514\/revisions"}],"predecessor-version":[{"id":1040,"href":"https:\/\/csmacampagne.be\/secondaire\/wp-json\/wp\/v2\/pages\/514\/revisions\/1040"}],"wp:attachment":[{"href":"https:\/\/csmacampagne.be\/secondaire\/wp-json\/wp\/v2\/media?parent=514"}],"curies":[{"name":"wp","href":"https:\/\/api.w.org\/{rel}","templated":true}]}}