{"id":525,"date":"2022-01-19T19:34:00","date_gmt":"2022-01-19T19:34:00","guid":{"rendered":"https:\/\/csmacampagne.be\/secondaire\/?page_id=525"},"modified":"2023-03-10T18:14:32","modified_gmt":"2023-03-10T16:14:32","slug":"aspirant-e-en-nursing","status":"publish","type":"page","link":"https:\/\/csmacampagne.be\/secondaire\/aspirant-e-en-nursing\/","title":{"rendered":"Aspirant.e en Nursing"},"content":{"rendered":"\n<p>Cette formation s\u2019adresse aux \u00e9l\u00e8ves qui souhaitent poursuivre des \u00e9tudes dans le <strong>secteur social et\/ou param\u00e9dical<\/strong>. Une passerelle vers une 7\u00e8me professionnelle en pu\u00e9riculture est \u00e9galement possible.<\/p>\n\n\n\n<p>Pendant les formations, les \u00e9l\u00e8ves effectueront des <strong>stages en cr\u00e8ches<\/strong>, en \u00e9coles maternelles et dans des lieux sp\u00e9cifiques (pouponni\u00e8res, services de p\u00e9diatrie,\u2026)<\/p>\n\n\n\n<p>Vous trouverez ci-dessous la grille horaire de cette section ainsi qu\u2019une vid\u00e9o explicative tourn\u00e9e dans les locaux de l\u2019\u00e9cole.<\/p>\n\n\n\n<figure class=\"wp-block-embed is-type-video is-provider-youtube wp-block-embed-youtube wp-embed-aspect-16-9 wp-has-aspect-ratio\"><div class=\"wp-block-embed__wrapper\">\n<iframe loading=\"lazy\" title=\"Parcours ton Orientation - Aspirant.e en Nursing\" width=\"640\" height=\"360\" src=\"https:\/\/www.youtube.com\/embed\/4QZWUj5W99o?feature=oembed\" frameborder=\"0\" allow=\"accelerometer; autoplay; clipboard-write; encrypted-media; gyroscope; picture-in-picture; web-share\" referrerpolicy=\"strict-origin-when-cross-origin\" allowfullscreen><\/iframe>\n<\/div><\/figure>\n\n\n<a href=\"https:\/\/csmacampagne.be\/secondaire\/wp-content\/uploads\/2023\/03\/an-4eme.pdf\" class=\"pdfemb-viewer\" style=\"\" data-width=\"max\" data-height=\"max\" data-toolbar=\"bottom\" data-toolbar-fixed=\"off\">an-4eme<\/a>\n<p class=\"wp-block-pdfemb-pdf-embedder-viewer\"><\/p>\n\n\n<a href=\"https:\/\/csmacampagne.be\/secondaire\/wp-content\/uploads\/2023\/03\/an-6eme.pdf\" class=\"pdfemb-viewer\" style=\"\" data-width=\"max\" data-height=\"max\" data-toolbar=\"bottom\" data-toolbar-fixed=\"off\">an-6eme<\/a>\n<p class=\"wp-block-pdfemb-pdf-embedder-viewer\"><\/p>\n","protected":false},"excerpt":{"rendered":"<p>Cette formation s\u2019adresse aux \u00e9l\u00e8ves qui souhaitent poursuivre des \u00e9tudes dans le secteur social et\/ou param\u00e9dical. Une passerelle vers une 7\u00e8me professionnelle en pu\u00e9riculture est \u00e9galement possible. Pendant les formations, les \u00e9l\u00e8ves effectueront des stages en cr\u00e8ches, en \u00e9coles maternelles et dans des lieux sp\u00e9cifiques (pouponni\u00e8res, services de p\u00e9diatrie,\u2026) Vous trouverez ci-dessous la grille horaire de cette section ainsi qu\u2019une vid\u00e9o explicative tourn\u00e9e dans les locaux de l\u2019\u00e9cole.<\/p>\n","protected":false},"author":3,"featured_media":0,"parent":0,"menu_order":0,"comment_status":"closed","ping_status":"closed","template":"","meta":{"footnotes":""},"class_list":["post-525","page","type-page","status-publish","hentry"],"_links":{"self":[{"href":"https:\/\/csmacampagne.be\/secondaire\/wp-json\/wp\/v2\/pages\/525","targetHints":{"allow":["GET"]}}],"collection":[{"href":"https:\/\/csmacampagne.be\/secondaire\/wp-json\/wp\/v2\/pages"}],"about":[{"href":"https:\/\/csmacampagne.be\/secondaire\/wp-json\/wp\/v2\/types\/page"}],"author":[{"embeddable":true,"href":"https:\/\/csmacampagne.be\/secondaire\/wp-json\/wp\/v2\/users\/3"}],"replies":[{"embeddable":true,"href":"https:\/\/csmacampagne.be\/secondaire\/wp-json\/wp\/v2\/comments?post=525"}],"version-history":[{"count":5,"href":"https:\/\/csmacampagne.be\/secondaire\/wp-json\/wp\/v2\/pages\/525\/revisions"}],"predecessor-version":[{"id":1044,"href":"https:\/\/csmacampagne.be\/secondaire\/wp-json\/wp\/v2\/pages\/525\/revisions\/1044"}],"wp:attachment":[{"href":"https:\/\/csmacampagne.be\/secondaire\/wp-json\/wp\/v2\/media?parent=525"}],"curies":[{"name":"wp","href":"https:\/\/api.w.org\/{rel}","templated":true}]}}