{"id":533,"date":"2022-01-19T19:42:41","date_gmt":"2022-01-19T19:42:41","guid":{"rendered":"https:\/\/csmacampagne.be\/secondaire\/?page_id=533"},"modified":"2023-03-12T18:28:17","modified_gmt":"2023-03-12T16:28:17","slug":"professionnel-2eme-degre-2","status":"publish","type":"page","link":"https:\/\/csmacampagne.be\/secondaire\/professionnel-2eme-degre-2\/","title":{"rendered":"2\u00e8me degr\u00e9"},"content":{"rendered":"\n<p>Cette section accueille les \u00e9l\u00e8ves qui ont le go\u00fbt du <strong>dessin<\/strong>, de l<strong>\u2019inventivit\u00e9<\/strong>, de la <strong>culture<\/strong> et de l\u2019<strong>art<\/strong>.<\/p>\n\n\n\n<p>L\u2019art et ses techniques sp\u00e9cifiques sont abord\u00e9s au travers de diff\u00e9rents cours : le dessin d\u2019observation, la cr\u00e9ation, l\u2019histoire de l\u2019art, le volume, le graphisme\u2026<\/p>\n\n\n\n<p>Les cours g\u00e9n\u00e9raux sont toujours tr\u00e8s importants, ils comptent pour la moiti\u00e9 de l\u2019horaire hebdomadaire. Les cours sp\u00e9cifiques de la section et les cours g\u00e9n\u00e9raux se rejoignent pour mener des projets de grande envergure qui sont port\u00e9s par toute l\u2019\u00e9quipe de professeurs.<\/p>\n\n\n\n<p>Des <strong>\u00e9valuations<\/strong> sont propos\u00e9es de mani\u00e8re permanente avec la<strong> remise des travaux<\/strong> demand\u00e9s et commenc\u00e9s en classe, l\u2019\u00e9tude des interrogations, la r\u00e9alisation des pr\u00e9parations et des devoirs. Il est important d\u2019envisager ces deux ann\u00e9es avec s\u00e9rieux, motivation et investissement.<\/p>\n\n\n\n<p>Bien entendu, des <strong>visites de mus\u00e9es<\/strong> et d\u2019<strong>expositions<\/strong> ont lieu tr\u00e8s r\u00e9guli\u00e8rement pour donner l\u2019impulsion des travaux \u00e0 venir ainsi que pour aider et soutenir l\u2019innovation et la r\u00e9flexion autour des artistes importants du pass\u00e9 et de notre \u00e9poque contemporaine.<\/p>\n\n\n\n<p>A la fin du degr\u00e9, les professeurs guideront et \u00e9pauleront les \u00e9l\u00e8ves \u00e0 faire un choix pour le degr\u00e9 de d\u00e9termination.<\/p>\n\n\n\n<p>En effet, ils pourront choisir entre le m\u00e9tier d\u2019<strong>assistant en publicit\u00e9<\/strong> et <strong>assistant en d\u00e9coration<\/strong>. Ce sont deux futurs m\u00e9tiers bien distincts o\u00f9 la pr\u00e9cision, le soin, la rigueur sont maitres.<\/p>\n\n\n\n<p>Vous trouverez ci-dessous nos diff\u00e9rentes grilles-horaires<\/p>\n\n\n<a href=\"https:\/\/csmacampagne.be\/secondaire\/wp-content\/uploads\/2023\/03\/arts-2degre.pdf\" class=\"pdfemb-viewer\" style=\"\" data-width=\"max\" data-height=\"max\" data-toolbar=\"bottom\" data-toolbar-fixed=\"off\">arts-2degre<\/a>\n<p class=\"wp-block-pdfemb-pdf-embedder-viewer\"><\/p>\n","protected":false},"excerpt":{"rendered":"<p>Cette section accueille les \u00e9l\u00e8ves qui ont le go\u00fbt du dessin, de l\u2019inventivit\u00e9, de la culture et de l\u2019art. L\u2019art et ses techniques sp\u00e9cifiques sont abord\u00e9s au travers de diff\u00e9rents cours : le dessin d\u2019observation, la cr\u00e9ation, l\u2019histoire de l\u2019art, le volume, le graphisme\u2026 Les cours g\u00e9n\u00e9raux sont toujours tr\u00e8s importants, ils comptent pour la moiti\u00e9 de l\u2019horaire hebdomadaire. Les cours sp\u00e9cifiques de la section et les cours g\u00e9n\u00e9raux se rejoignent pour mener des projets de grande envergure qui sont&#8230;<\/p>\n<p class=\"read-more\"><a class=\"btn btn-default\" href=\"https:\/\/csmacampagne.be\/secondaire\/professionnel-2eme-degre-2\/\"> Read More<span class=\"screen-reader-text\">  Read More<\/span><\/a><\/p>\n","protected":false},"author":3,"featured_media":0,"parent":0,"menu_order":0,"comment_status":"closed","ping_status":"closed","template":"","meta":{"footnotes":""},"class_list":["post-533","page","type-page","status-publish","hentry"],"_links":{"self":[{"href":"https:\/\/csmacampagne.be\/secondaire\/wp-json\/wp\/v2\/pages\/533","targetHints":{"allow":["GET"]}}],"collection":[{"href":"https:\/\/csmacampagne.be\/secondaire\/wp-json\/wp\/v2\/pages"}],"about":[{"href":"https:\/\/csmacampagne.be\/secondaire\/wp-json\/wp\/v2\/types\/page"}],"author":[{"embeddable":true,"href":"https:\/\/csmacampagne.be\/secondaire\/wp-json\/wp\/v2\/users\/3"}],"replies":[{"embeddable":true,"href":"https:\/\/csmacampagne.be\/secondaire\/wp-json\/wp\/v2\/comments?post=533"}],"version-history":[{"count":4,"href":"https:\/\/csmacampagne.be\/secondaire\/wp-json\/wp\/v2\/pages\/533\/revisions"}],"predecessor-version":[{"id":1053,"href":"https:\/\/csmacampagne.be\/secondaire\/wp-json\/wp\/v2\/pages\/533\/revisions\/1053"}],"wp:attachment":[{"href":"https:\/\/csmacampagne.be\/secondaire\/wp-json\/wp\/v2\/media?parent=533"}],"curies":[{"name":"wp","href":"https:\/\/api.w.org\/{rel}","templated":true}]}}