{"id":539,"date":"2022-01-19T19:51:01","date_gmt":"2022-01-19T19:51:01","guid":{"rendered":"https:\/\/csmacampagne.be\/secondaire\/?page_id=539"},"modified":"2023-03-12T18:41:55","modified_gmt":"2023-03-12T16:41:55","slug":"puericulture","status":"publish","type":"page","link":"https:\/\/csmacampagne.be\/secondaire\/puericulture\/","title":{"rendered":"Puericulture"},"content":{"rendered":"\n<p>La formation de <strong>pu\u00e9riculteur\/pu\u00e9ricultrice<\/strong> se fait obligatoirement en 4 ans. Au terme de la 7\u00e8me ann\u00e9e, l\u2019\u00e9l\u00e8ve pourra obtenir son CESS et sa qualification de pu\u00e9riculteur\/pu\u00e9ricultrice.<\/p>\n\n\n\n<p>La pu\u00e9ricultrice \/ le pu\u00e9riculteur assure <strong>les soins d\u2019hygi\u00e8ne et de confort<\/strong>,<strong> d\u2019\u00e9veil et d\u2019\u00e9ducation pour les enfants de 0 \u00e0 6 ans<\/strong>. Elle\/Il peut travailler dans les cr\u00e8ches, dans les \u00e9coles maternelles et dans un certain nombre de lieux sp\u00e9cifiques (pouponni\u00e8res, services de p\u00e9diatrie,\u2026).<\/p>\n\n\n\n<p>Des stages sont pr\u00e9vus durant toute la formation dans les lieux cit\u00e9s ci-dessus.<\/p>\n\n\n\n<p>Vous trouverez ci-dessous la grille horaire de cette section ainsi qu\u2019une vid\u00e9o explicative tourn\u00e9e dans les locaux de l\u2019\u00e9cole.<\/p>\n\n\n\n<figure class=\"wp-block-embed is-type-video is-provider-youtube wp-block-embed-youtube wp-embed-aspect-16-9 wp-has-aspect-ratio\"><div class=\"wp-block-embed__wrapper\">\n<iframe loading=\"lazy\" title=\"Parcours ton Orientation - Puericulture\" width=\"640\" height=\"360\" src=\"https:\/\/www.youtube.com\/embed\/uN49I0A6JD8?feature=oembed\" frameborder=\"0\" allow=\"accelerometer; autoplay; clipboard-write; encrypted-media; gyroscope; picture-in-picture; web-share\" referrerpolicy=\"strict-origin-when-cross-origin\" allowfullscreen><\/iframe>\n<\/div><\/figure>\n\n\n<a href=\"https:\/\/csmacampagne.be\/secondaire\/wp-content\/uploads\/2023\/03\/puer-2degre.pdf\" class=\"pdfemb-viewer\" style=\"\" data-width=\"max\" data-height=\"max\" data-toolbar=\"bottom\" data-toolbar-fixed=\"off\">puer-2degre<\/a>\n<p class=\"wp-block-pdfemb-pdf-embedder-viewer\"><\/p>\n\n\n<a href=\"https:\/\/csmacampagne.be\/secondaire\/wp-content\/uploads\/2023\/03\/puer-3degre.pdf\" class=\"pdfemb-viewer\" style=\"\" data-width=\"max\" data-height=\"max\" data-toolbar=\"bottom\" data-toolbar-fixed=\"off\">puer-3degre<\/a>\n<p class=\"wp-block-pdfemb-pdf-embedder-viewer\"><\/p>\n","protected":false},"excerpt":{"rendered":"<p>La formation de pu\u00e9riculteur\/pu\u00e9ricultrice se fait obligatoirement en 4 ans. Au terme de la 7\u00e8me ann\u00e9e, l\u2019\u00e9l\u00e8ve pourra obtenir son CESS et sa qualification de pu\u00e9riculteur\/pu\u00e9ricultrice. La pu\u00e9ricultrice \/ le pu\u00e9riculteur assure les soins d\u2019hygi\u00e8ne et de confort, d\u2019\u00e9veil et d\u2019\u00e9ducation pour les enfants de 0 \u00e0 6 ans. Elle\/Il peut travailler dans les cr\u00e8ches, dans les \u00e9coles maternelles et dans un certain nombre de lieux sp\u00e9cifiques (pouponni\u00e8res, services de p\u00e9diatrie,\u2026). Des stages sont pr\u00e9vus durant toute la formation dans&#8230;<\/p>\n<p class=\"read-more\"><a class=\"btn btn-default\" href=\"https:\/\/csmacampagne.be\/secondaire\/puericulture\/\"> Read More<span class=\"screen-reader-text\">  Read More<\/span><\/a><\/p>\n","protected":false},"author":3,"featured_media":0,"parent":0,"menu_order":0,"comment_status":"closed","ping_status":"closed","template":"","meta":{"footnotes":""},"class_list":["post-539","page","type-page","status-publish","hentry"],"_links":{"self":[{"href":"https:\/\/csmacampagne.be\/secondaire\/wp-json\/wp\/v2\/pages\/539","targetHints":{"allow":["GET"]}}],"collection":[{"href":"https:\/\/csmacampagne.be\/secondaire\/wp-json\/wp\/v2\/pages"}],"about":[{"href":"https:\/\/csmacampagne.be\/secondaire\/wp-json\/wp\/v2\/types\/page"}],"author":[{"embeddable":true,"href":"https:\/\/csmacampagne.be\/secondaire\/wp-json\/wp\/v2\/users\/3"}],"replies":[{"embeddable":true,"href":"https:\/\/csmacampagne.be\/secondaire\/wp-json\/wp\/v2\/comments?post=539"}],"version-history":[{"count":5,"href":"https:\/\/csmacampagne.be\/secondaire\/wp-json\/wp\/v2\/pages\/539\/revisions"}],"predecessor-version":[{"id":1062,"href":"https:\/\/csmacampagne.be\/secondaire\/wp-json\/wp\/v2\/pages\/539\/revisions\/1062"}],"wp:attachment":[{"href":"https:\/\/csmacampagne.be\/secondaire\/wp-json\/wp\/v2\/media?parent=539"}],"curies":[{"name":"wp","href":"https:\/\/api.w.org\/{rel}","templated":true}]}}