{"id":541,"date":"2022-01-19T19:51:52","date_gmt":"2022-01-19T19:51:52","guid":{"rendered":"https:\/\/csmacampagne.be\/secondaire\/?page_id=541"},"modified":"2023-03-12T18:40:27","modified_gmt":"2023-03-12T16:40:27","slug":"7eme-professionnelle","status":"publish","type":"page","link":"https:\/\/csmacampagne.be\/secondaire\/7eme-professionnelle\/","title":{"rendered":"7\u00e8me professionnelle"},"content":{"rendered":"\n<p>L\u2019objectif de cette formation est l\u2019<strong>obtention du CESS<\/strong>. Mais un certain nombre de cours mettront \u00e9galement les \u00e9l\u00e8ves en r\u00e9flexion quant \u00e0 leur avenir socio-professionnel.<\/p>\n\n\n\n<p>Vous trouverez ci-dessous la grille horaire de cette section.<\/p>\n\n\n<a href=\"https:\/\/csmacampagne.be\/secondaire\/wp-content\/uploads\/2023\/03\/7p.pdf\" class=\"pdfemb-viewer\" style=\"\" data-width=\"max\" data-height=\"max\" data-toolbar=\"bottom\" data-toolbar-fixed=\"off\">7p<\/a>\n<p class=\"wp-block-pdfemb-pdf-embedder-viewer\"><\/p>\n","protected":false},"excerpt":{"rendered":"<p>L\u2019objectif de cette formation est l\u2019obtention du CESS. Mais un certain nombre de cours mettront \u00e9galement les \u00e9l\u00e8ves en r\u00e9flexion quant \u00e0 leur avenir socio-professionnel. Vous trouverez ci-dessous la grille horaire de cette section.<\/p>\n","protected":false},"author":3,"featured_media":0,"parent":0,"menu_order":0,"comment_status":"closed","ping_status":"closed","template":"","meta":{"footnotes":""},"class_list":["post-541","page","type-page","status-publish","hentry"],"_links":{"self":[{"href":"https:\/\/csmacampagne.be\/secondaire\/wp-json\/wp\/v2\/pages\/541","targetHints":{"allow":["GET"]}}],"collection":[{"href":"https:\/\/csmacampagne.be\/secondaire\/wp-json\/wp\/v2\/pages"}],"about":[{"href":"https:\/\/csmacampagne.be\/secondaire\/wp-json\/wp\/v2\/types\/page"}],"author":[{"embeddable":true,"href":"https:\/\/csmacampagne.be\/secondaire\/wp-json\/wp\/v2\/users\/3"}],"replies":[{"embeddable":true,"href":"https:\/\/csmacampagne.be\/secondaire\/wp-json\/wp\/v2\/comments?post=541"}],"version-history":[{"count":3,"href":"https:\/\/csmacampagne.be\/secondaire\/wp-json\/wp\/v2\/pages\/541\/revisions"}],"predecessor-version":[{"id":1061,"href":"https:\/\/csmacampagne.be\/secondaire\/wp-json\/wp\/v2\/pages\/541\/revisions\/1061"}],"wp:attachment":[{"href":"https:\/\/csmacampagne.be\/secondaire\/wp-json\/wp\/v2\/media?parent=541"}],"curies":[{"name":"wp","href":"https:\/\/api.w.org\/{rel}","templated":true}]}}