{"id":873,"date":"2022-10-02T18:41:39","date_gmt":"2022-10-02T16:41:39","guid":{"rendered":"https:\/\/csmacampagne.be\/secondaire\/?page_id=873"},"modified":"2022-10-02T18:41:39","modified_gmt":"2022-10-02T16:41:39","slug":"cellule-delegue-es","status":"publish","type":"page","link":"https:\/\/csmacampagne.be\/secondaire\/cellule-delegue-es\/","title":{"rendered":"Cellule D\u00e9l\u00e9gu\u00e9.es"},"content":{"rendered":"<a href=\"https:\/\/csmacampagne.be\/secondaire\/wp-content\/uploads\/2022\/10\/cellule-de\u0301le\u0301gue\u0301sclasse-2022.pdf\" class=\"pdfemb-viewer\" style=\"\" data-width=\"max\" data-height=\"max\" data-toolbar=\"bottom\" data-toolbar-fixed=\"off\">cellule-de\u0301le\u0301gue\u0301sclasse-2022<\/a>\n<p class=\"wp-block-pdfemb-pdf-embedder-viewer\"><\/p>\n","protected":false},"excerpt":{"rendered":"","protected":false},"author":3,"featured_media":0,"parent":0,"menu_order":0,"comment_status":"closed","ping_status":"closed","template":"","meta":{"footnotes":""},"class_list":["post-873","page","type-page","status-publish","hentry"],"_links":{"self":[{"href":"https:\/\/csmacampagne.be\/secondaire\/wp-json\/wp\/v2\/pages\/873","targetHints":{"allow":["GET"]}}],"collection":[{"href":"https:\/\/csmacampagne.be\/secondaire\/wp-json\/wp\/v2\/pages"}],"about":[{"href":"https:\/\/csmacampagne.be\/secondaire\/wp-json\/wp\/v2\/types\/page"}],"author":[{"embeddable":true,"href":"https:\/\/csmacampagne.be\/secondaire\/wp-json\/wp\/v2\/users\/3"}],"replies":[{"embeddable":true,"href":"https:\/\/csmacampagne.be\/secondaire\/wp-json\/wp\/v2\/comments?post=873"}],"version-history":[{"count":1,"href":"https:\/\/csmacampagne.be\/secondaire\/wp-json\/wp\/v2\/pages\/873\/revisions"}],"predecessor-version":[{"id":874,"href":"https:\/\/csmacampagne.be\/secondaire\/wp-json\/wp\/v2\/pages\/873\/revisions\/874"}],"wp:attachment":[{"href":"https:\/\/csmacampagne.be\/secondaire\/wp-json\/wp\/v2\/media?parent=873"}],"curies":[{"name":"wp","href":"https:\/\/api.w.org\/{rel}","templated":true}]}}